{"id":2670,"date":"2023-11-27T15:15:15","date_gmt":"2023-11-27T14:15:15","guid":{"rendered":"https:\/\/www.globalwine.ch\/cms\/?page_id=2670"},"modified":"2025-12-29T11:48:32","modified_gmt":"2025-12-29T10:48:32","slug":"lieferservice-uber-die-festtage","status":"publish","type":"page","link":"https:\/\/www.globalwine.ch\/cms\/lieferservice-uber-die-festtage\/","title":{"rendered":"Lieferservice \u00fcber die Festtage"},"content":{"rendered":"","protected":false},"excerpt":{"rendered":"","protected":false},"author":2,"featured_media":0,"parent":0,"menu_order":13,"comment_status":"closed","ping_status":"closed","template":"","meta":{"_acf_changed":false,"footnotes":""},"class_list":["post-2670","page","type-page","status-publish","hentry"],"acf":{"hide_pagetitle":true,"header_block":{"header_block_title":"","header_block_title_size":"default","header_block_subtitle":"","header_block_button":"","header_block_background_image":false},"inhaltselemente":[{"acf_fc_layout":"einspalter_text","einspalter_text_titel":"Lieferservice \u00fcber die Festtage","einspalter_text_titel_typ":"1","einspalter_text_titel_fake":false,"einspalter_text_content":"<p>Es ist uns ein grosses Anliegen, Sie \u00fcber die Festtage zuverl\u00e4ssig und kompetent beliefern zu k\u00f6nnen. Bitte beachten Sie die folgenden Lieferfristen: <\/p>\n"},{"acf_fc_layout":"einspalter_text","einspalter_text_titel":"F\u00fcr Privatkunden","einspalter_text_titel_typ":"2","einspalter_text_titel_fake":false,"einspalter_text_content":"<p><strong>F\u00fcr eine Lieferung vor Weihnachten:<\/strong><br \/>\nBitte bestellen Sie bis Donnerstag, 18. Dezember 2025, 12 Uhr <\/p>\n<p><strong>F\u00fcr eine Lieferung vor Silvester:<\/strong><br \/>\nGeben Sie Ihre Bestellung bis Dienstag, 23. Dezember 2025, 12 Uhr auf<\/p>\n<p>Alle anderen Bestellungen werden nach und nach bearbeitet und sp\u00e4ter ausgeliefert. <\/p>\n"},{"acf_fc_layout":"einspalter_text","einspalter_text_titel":"F\u00fcr Gastronomiekunden und Wiederverk\u00e4ufer","einspalter_text_titel_typ":"2","einspalter_text_titel_fake":false,"einspalter_text_content":"<p><strong>Die letzte Bestellm\u00f6glichkeit vor Weihnachten: <\/strong><br \/>\nMontag, 22.12.2025 bis 12 Uhr mit Lieferung am Dienstag, 23.12.2025<\/p>\n<p><strong>Die letzte Bestellm\u00f6glichkeit vor Sylvester: <\/strong><br \/>\nMontag, 29.12.2025 bis 12 Uhr mit Lieferung am Dienstag, 30.12.2025<\/p>\n<p><strong>Die erste Bestellm\u00f6glichkeit f\u00fcr 2026: <\/strong><br \/>\nMontag, 05.01.2026 bis 12 Uhr mit Lieferung am Dienstag, 06.01.2026<\/p>\n"},{"acf_fc_layout":"einspalter_text","einspalter_text_titel":"","einspalter_text_titel_typ":"2","einspalter_text_titel_fake":false,"einspalter_text_content":"<p>Wir empfehlen, Ihre Bestellungen m\u00f6glichst vor den genannten Terminen zu platzieren, damit alles rechtzeitig und ohne unn\u00f6tigen Stress bei Ihnen ankommt.<\/p>\n<p>Das ganze Team von Globalwine w\u00fcnscht Ihnen ein frohes und friedvolles Weihnachtsfest und ein gl\u00fcckliches, gesundes und erfolgreiches neues Jahr.<\/p>\n<p>Herzlichen Dank f\u00fcr Ihre Treue.<br \/>\nIhr Globalwine Team<\/p>\n"}]},"yoast_head":"<!-- This site is optimized with the Yoast SEO plugin v27.4 - https:\/\/yoast.com\/product\/yoast-seo-wordpress\/ -->\n<title>Lieferservice \u00fcber die Festtage - Globalwine<\/title>\n<meta name=\"description\" content=\"Lieferservice \u00fcber die Festtage - Lieferung \u00fcber die Festtage. Was es f\u00fcr eine rechtzeitige Lieferung zu beachten gilt.\" \/>\n<meta name=\"robots\" content=\"index, follow, max-snippet:-1, max-image-preview:large, max-video-preview:-1\" \/>\n<link rel=\"canonical\" href=\"https:\/\/www.globalwine.ch\/cms\/lieferservice-uber-die-festtage\/\" \/>\n<meta property=\"og:locale\" content=\"de_DE\" \/>\n<meta property=\"og:type\" content=\"article\" \/>\n<meta property=\"og:title\" content=\"Lieferservice \u00fcber die Festtage - Globalwine\" \/>\n<meta property=\"og:description\" content=\"Lieferservice \u00fcber die Festtage - Lieferung \u00fcber die Festtage. Was es f\u00fcr eine rechtzeitige Lieferung zu beachten gilt.\" \/>\n<meta property=\"og:url\" content=\"https:\/\/www.globalwine.ch\/cms\/lieferservice-uber-die-festtage\/\" \/>\n<meta property=\"og:site_name\" content=\"Globalwine\" \/>\n<meta property=\"article:publisher\" content=\"https:\/\/www.facebook.com\/GlobalwineAG\" \/>\n<meta property=\"article:modified_time\" content=\"2025-12-29T10:48:32+00:00\" \/>\n<meta property=\"og:image\" content=\"https:\/\/www.globalwine.ch\/cms\/wp-content\/uploads\/2022\/01\/globalwine-logo-fb.png\" \/>\n\t<meta property=\"og:image:width\" content=\"1200\" \/>\n\t<meta property=\"og:image:height\" content=\"630\" \/>\n\t<meta property=\"og:image:type\" content=\"image\/png\" \/>\n<meta name=\"twitter:card\" content=\"summary_large_image\" \/>\n<meta name=\"twitter:label1\" content=\"Gesch\u00e4tzte Lesezeit\" \/>\n\t<meta name=\"twitter:data1\" content=\"1\u00a0Minute\" \/>\n<script type=\"application\/ld+json\" class=\"yoast-schema-graph\">{\"@context\":\"https:\\\/\\\/schema.org\",\"@graph\":[{\"@type\":\"WebPage\",\"@id\":\"https:\\\/\\\/www.globalwine.ch\\\/cms\\\/lieferservice-uber-die-festtage\\\/\",\"url\":\"https:\\\/\\\/www.globalwine.ch\\\/cms\\\/lieferservice-uber-die-festtage\\\/\",\"name\":\"Lieferservice \u00fcber die Festtage - Globalwine\",\"isPartOf\":{\"@id\":\"https:\\\/\\\/www.globalwine.ch\\\/cms\\\/#website\"},\"datePublished\":\"2023-11-27T14:15:15+00:00\",\"dateModified\":\"2025-12-29T10:48:32+00:00\",\"description\":\"Lieferservice \u00fcber die Festtage - Lieferung \u00fcber die Festtage. Was es f\u00fcr eine rechtzeitige Lieferung zu beachten gilt.\",\"breadcrumb\":{\"@id\":\"https:\\\/\\\/www.globalwine.ch\\\/cms\\\/lieferservice-uber-die-festtage\\\/#breadcrumb\"},\"inLanguage\":\"de-CH\",\"potentialAction\":[{\"@type\":\"ReadAction\",\"target\":[\"https:\\\/\\\/www.globalwine.ch\\\/cms\\\/lieferservice-uber-die-festtage\\\/\"]}]},{\"@type\":\"BreadcrumbList\",\"@id\":\"https:\\\/\\\/www.globalwine.ch\\\/cms\\\/lieferservice-uber-die-festtage\\\/#breadcrumb\",\"itemListElement\":[{\"@type\":\"ListItem\",\"position\":1,\"name\":\"Breadcrumb\",\"item\":\"https:\\\/\\\/www.globalwine.ch\\\/cms\\\/\"},{\"@type\":\"ListItem\",\"position\":2,\"name\":\"Lieferservice \u00fcber die Festtage\"}]},{\"@type\":\"WebSite\",\"@id\":\"https:\\\/\\\/www.globalwine.ch\\\/cms\\\/#website\",\"url\":\"https:\\\/\\\/www.globalwine.ch\\\/cms\\\/\",\"name\":\"Globalwine\",\"description\":\"\",\"publisher\":{\"@id\":\"https:\\\/\\\/www.globalwine.ch\\\/cms\\\/#organization\"},\"potentialAction\":[{\"@type\":\"SearchAction\",\"target\":{\"@type\":\"EntryPoint\",\"urlTemplate\":\"https:\\\/\\\/www.globalwine.ch\\\/cms\\\/?s={search_term_string}\"},\"query-input\":{\"@type\":\"PropertyValueSpecification\",\"valueRequired\":true,\"valueName\":\"search_term_string\"}}],\"inLanguage\":\"de-CH\"},{\"@type\":\"Organization\",\"@id\":\"https:\\\/\\\/www.globalwine.ch\\\/cms\\\/#organization\",\"name\":\"Globalwine AG\",\"url\":\"https:\\\/\\\/www.globalwine.ch\\\/cms\\\/\",\"logo\":{\"@type\":\"ImageObject\",\"inLanguage\":\"de-CH\",\"@id\":\"https:\\\/\\\/www.globalwine.ch\\\/cms\\\/#\\\/schema\\\/logo\\\/image\\\/\",\"url\":\"https:\\\/\\\/www.globalwine.ch\\\/cms\\\/wp-content\\\/uploads\\\/2021\\\/04\\\/globalwine-logo.png\",\"contentUrl\":\"https:\\\/\\\/www.globalwine.ch\\\/cms\\\/wp-content\\\/uploads\\\/2021\\\/04\\\/globalwine-logo.png\",\"width\":931,\"height\":144,\"caption\":\"Globalwine AG\"},\"image\":{\"@id\":\"https:\\\/\\\/www.globalwine.ch\\\/cms\\\/#\\\/schema\\\/logo\\\/image\\\/\"},\"sameAs\":[\"https:\\\/\\\/www.facebook.com\\\/GlobalwineAG\",\"https:\\\/\\\/www.instagram.com\\\/globalwine_ch\",\"https:\\\/\\\/www.linkedin.com\\\/company\\\/5823327\",\"https:\\\/\\\/www.youtube.com\\\/channel\\\/UCaXmwERn0IR5rrbwRvaFesg\"]}]}<\/script>\n<!-- \/ Yoast SEO plugin. -->","yoast_head_json":{"title":"Lieferservice \u00fcber die Festtage - Globalwine","description":"Lieferservice \u00fcber die Festtage - Lieferung \u00fcber die Festtage. Was es f\u00fcr eine rechtzeitige Lieferung zu beachten gilt.","robots":{"index":"index","follow":"follow","max-snippet":"max-snippet:-1","max-image-preview":"max-image-preview:large","max-video-preview":"max-video-preview:-1"},"canonical":"https:\/\/www.globalwine.ch\/cms\/lieferservice-uber-die-festtage\/","og_locale":"de_DE","og_type":"article","og_title":"Lieferservice \u00fcber die Festtage - Globalwine","og_description":"Lieferservice \u00fcber die Festtage - Lieferung \u00fcber die Festtage. Was es f\u00fcr eine rechtzeitige Lieferung zu beachten gilt.","og_url":"https:\/\/www.globalwine.ch\/cms\/lieferservice-uber-die-festtage\/","og_site_name":"Globalwine","article_publisher":"https:\/\/www.facebook.com\/GlobalwineAG","article_modified_time":"2025-12-29T10:48:32+00:00","og_image":[{"width":1200,"height":630,"url":"https:\/\/www.globalwine.ch\/cms\/wp-content\/uploads\/2022\/01\/globalwine-logo-fb.png","type":"image\/png"}],"twitter_card":"summary_large_image","twitter_misc":{"Gesch\u00e4tzte Lesezeit":"1\u00a0Minute"},"schema":{"@context":"https:\/\/schema.org","@graph":[{"@type":"WebPage","@id":"https:\/\/www.globalwine.ch\/cms\/lieferservice-uber-die-festtage\/","url":"https:\/\/www.globalwine.ch\/cms\/lieferservice-uber-die-festtage\/","name":"Lieferservice \u00fcber die Festtage - Globalwine","isPartOf":{"@id":"https:\/\/www.globalwine.ch\/cms\/#website"},"datePublished":"2023-11-27T14:15:15+00:00","dateModified":"2025-12-29T10:48:32+00:00","description":"Lieferservice \u00fcber die Festtage - Lieferung \u00fcber die Festtage. Was es f\u00fcr eine rechtzeitige Lieferung zu beachten gilt.","breadcrumb":{"@id":"https:\/\/www.globalwine.ch\/cms\/lieferservice-uber-die-festtage\/#breadcrumb"},"inLanguage":"de-CH","potentialAction":[{"@type":"ReadAction","target":["https:\/\/www.globalwine.ch\/cms\/lieferservice-uber-die-festtage\/"]}]},{"@type":"BreadcrumbList","@id":"https:\/\/www.globalwine.ch\/cms\/lieferservice-uber-die-festtage\/#breadcrumb","itemListElement":[{"@type":"ListItem","position":1,"name":"Breadcrumb","item":"https:\/\/www.globalwine.ch\/cms\/"},{"@type":"ListItem","position":2,"name":"Lieferservice \u00fcber die Festtage"}]},{"@type":"WebSite","@id":"https:\/\/www.globalwine.ch\/cms\/#website","url":"https:\/\/www.globalwine.ch\/cms\/","name":"Globalwine","description":"","publisher":{"@id":"https:\/\/www.globalwine.ch\/cms\/#organization"},"potentialAction":[{"@type":"SearchAction","target":{"@type":"EntryPoint","urlTemplate":"https:\/\/www.globalwine.ch\/cms\/?s={search_term_string}"},"query-input":{"@type":"PropertyValueSpecification","valueRequired":true,"valueName":"search_term_string"}}],"inLanguage":"de-CH"},{"@type":"Organization","@id":"https:\/\/www.globalwine.ch\/cms\/#organization","name":"Globalwine AG","url":"https:\/\/www.globalwine.ch\/cms\/","logo":{"@type":"ImageObject","inLanguage":"de-CH","@id":"https:\/\/www.globalwine.ch\/cms\/#\/schema\/logo\/image\/","url":"https:\/\/www.globalwine.ch\/cms\/wp-content\/uploads\/2021\/04\/globalwine-logo.png","contentUrl":"https:\/\/www.globalwine.ch\/cms\/wp-content\/uploads\/2021\/04\/globalwine-logo.png","width":931,"height":144,"caption":"Globalwine AG"},"image":{"@id":"https:\/\/www.globalwine.ch\/cms\/#\/schema\/logo\/image\/"},"sameAs":["https:\/\/www.facebook.com\/GlobalwineAG","https:\/\/www.instagram.com\/globalwine_ch","https:\/\/www.linkedin.com\/company\/5823327","https:\/\/www.youtube.com\/channel\/UCaXmwERn0IR5rrbwRvaFesg"]}]}},"_links":{"self":[{"href":"https:\/\/www.globalwine.ch\/cms\/wp-json\/wp\/v2\/pages\/2670","targetHints":{"allow":["GET"]}}],"collection":[{"href":"https:\/\/www.globalwine.ch\/cms\/wp-json\/wp\/v2\/pages"}],"about":[{"href":"https:\/\/www.globalwine.ch\/cms\/wp-json\/wp\/v2\/types\/page"}],"author":[{"embeddable":true,"href":"https:\/\/www.globalwine.ch\/cms\/wp-json\/wp\/v2\/users\/2"}],"replies":[{"embeddable":true,"href":"https:\/\/www.globalwine.ch\/cms\/wp-json\/wp\/v2\/comments?post=2670"}],"version-history":[{"count":10,"href":"https:\/\/www.globalwine.ch\/cms\/wp-json\/wp\/v2\/pages\/2670\/revisions"}],"predecessor-version":[{"id":3778,"href":"https:\/\/www.globalwine.ch\/cms\/wp-json\/wp\/v2\/pages\/2670\/revisions\/3778"}],"wp:attachment":[{"href":"https:\/\/www.globalwine.ch\/cms\/wp-json\/wp\/v2\/media?parent=2670"}],"curies":[{"name":"wp","href":"https:\/\/api.w.org\/{rel}","templated":true}]}}