{"id":3029,"date":"2024-05-27T14:57:07","date_gmt":"2024-05-27T12:57:07","guid":{"rendered":"https:\/\/www.globalwine.ch\/cms\/?page_id=3029"},"modified":"2024-10-15T16:57:49","modified_gmt":"2024-10-15T14:57:49","slug":"videos-weinbau-consulting","status":"publish","type":"page","link":"https:\/\/www.globalwine.ch\/cms\/weinbau-consulting\/videos-weinbau-consulting\/","title":{"rendered":"Videos Weinbau-Consulting"},"content":{"rendered":"","protected":false},"excerpt":{"rendered":"","protected":false},"author":2,"featured_media":968,"parent":355,"menu_order":17,"comment_status":"closed","ping_status":"closed","template":"","meta":{"_acf_changed":false,"footnotes":""},"class_list":["post-3029","page","type-page","status-publish","has-post-thumbnail","hentry"],"acf":{"hide_pagetitle":true,"header_block":{"header_block_title":"Weinbau-Consulting","header_block_title_size":"big","header_block_subtitle":"Alain Bramaz","header_block_button":"","header_block_background_image":"https:\/\/www.globalwine.ch\/cms\/wp-content\/uploads\/2021\/10\/Z5_DSC3936.jpg"},"inhaltselemente":[{"acf_fc_layout":"einspalter_text","einspalter_text_titel":"Videos zu Weinbau-Consultling","einspalter_text_titel_typ":"1","einspalter_text_titel_fake":false,"einspalter_text_content":"<p>Anhand einer Serie von Videos zeigen wir Ihnen die verschiedenen Aspekte einer Weinbau-Beratung, angefangen von der Wahl des richtigen Weinbergs inklusive Bepflanzung bis hin zur Ernte, Weinherstellung und die Planung eines neuen Weinkellers. <\/p>\n"},{"acf_fc_layout":"image","image":false,"image_video":"<p><iframe loading=\"lazy\" title=\"Wineconsulting mit Alain Bramaz\" width=\"1400\" height=\"788\" src=\"https:\/\/www.youtube-nocookie.com\/embed\/uf8pw6ZVkgk?feature=oembed&#038;rel=0\" frameborder=\"0\" allow=\"accelerometer; autoplay; clipboard-write; encrypted-media; gyroscope; picture-in-picture; web-share\" referrerpolicy=\"strict-origin-when-cross-origin\" allowfullscreen><\/iframe><\/p>\n"},{"acf_fc_layout":"einspalter_text","einspalter_text_titel":"Quinta do Zambujeiro \u2013 das erste grosse Beratungsprojekt","einspalter_text_titel_typ":"2","einspalter_text_titel_fake":false,"einspalter_text_content":"<p>Vor rund 25 Jahren begann mit der Quinta do Zambujeiro eine langj\u00e4hrige Partnerschaft, die den Grundstein f\u00fcr den heutigen Erfolg des Weingutes legte. Noch heute betreut Alain Bramaz die Quinta do Zambujeiro und reist regelm\u00e4ssig ins portugiesische Alentejo, um mit dem Team vor Ort grossartige Weine zu erschaffen.<\/p>\n"},{"acf_fc_layout":"image","image":false,"image_video":"<p><iframe loading=\"lazy\" title=\"Weinbau-Consulting mit Alain Bramaz: Quinta do Zambujeiro \u2013 das erste grosse Beratungsprojekt\" width=\"1400\" height=\"788\" src=\"https:\/\/www.youtube-nocookie.com\/embed\/K2rDNIy17nQ?feature=oembed&#038;rel=0\" frameborder=\"0\" allow=\"accelerometer; autoplay; clipboard-write; encrypted-media; gyroscope; picture-in-picture; web-share\" referrerpolicy=\"strict-origin-when-cross-origin\" allowfullscreen><\/iframe><\/p>\n"},{"acf_fc_layout":"einspalter_text","einspalter_text_titel":"Zambujeiero: Blending-Termin ","einspalter_text_titel_typ":"2","einspalter_text_titel_fake":false,"einspalter_text_content":"<p>Im M\u00e4rz steht jeweils der allj\u00e4hrliche Blending-Termin mit Alain Bramaz und Luis Lourinho, dem Cellar Master des Weingutes, an. Zu diesem Zeitpunkt werden die neuen Wein-Kreationen von Zambujeiro kalkuliert, gemischt und probiert.<\/p>\n"},{"acf_fc_layout":"image","image":false,"image_video":"<p><iframe loading=\"lazy\" title=\"Weinbauconsulting mit Alain Bramaz: Blending mit Luis Lourinho, Cellar Master, Quinta do Zambujeiro\" width=\"1400\" height=\"788\" src=\"https:\/\/www.youtube-nocookie.com\/embed\/8nVKXeGgEuk?feature=oembed&#038;rel=0\" frameborder=\"0\" allow=\"accelerometer; autoplay; clipboard-write; encrypted-media; gyroscope; picture-in-picture; web-share\" referrerpolicy=\"strict-origin-when-cross-origin\" allowfullscreen><\/iframe><\/p>\n"},{"acf_fc_layout":"einspalter_text","einspalter_text_titel":"Zambujeiro: Reben-Begutachtung","einspalter_text_titel_typ":"2","einspalter_text_titel_fake":false,"einspalter_text_content":"<p>Die Reben-Begutachtung ist ein grosser Bestandteil der Arbeit im Weinbau-Consulting und als Weinbau-Consultant bereist Alain Bramaz seine Weing\u00fcter mehrfach pro Jahr. Ausgiebige Spazierg\u00e4nge durch die Rebberge gemeinsam mit den Weingut-Managern sind essentiell.<\/p>\n"},{"acf_fc_layout":"image","image":false,"image_video":"<p><iframe loading=\"lazy\" title=\"Weinbauconsulting mit Alain Bramaz: Begutachtung der Reben mit Nuno Malta, Quinta do Zambujeiro\" width=\"1400\" height=\"788\" src=\"https:\/\/www.youtube-nocookie.com\/embed\/m7_GngxWkAw?feature=oembed&#038;rel=0\" frameborder=\"0\" allow=\"accelerometer; autoplay; clipboard-write; encrypted-media; gyroscope; picture-in-picture; web-share\" referrerpolicy=\"strict-origin-when-cross-origin\" allowfullscreen><\/iframe><\/p>\n"},{"acf_fc_layout":"einspalter_text","einspalter_text_titel":"Ertragsreduktion \u2013 der Schl\u00fcssel zur Top-Qualit\u00e4t","einspalter_text_titel_typ":"2","einspalter_text_titel_fake":false,"einspalter_text_content":"<p>Die Quinta do Zambujeiro produziert hocharomatische, qualitativ hochwertige Weine. Der Schl\u00fcssel zu einem Wein dieser Qualit\u00e4t ist eine konsequente Ertragsreduktion, bei der der Ertrag um bis zu 2\/3 reduziert wird. Die Ertragsreduktion ist aufw\u00e4ndig und findet jeweils von Juni bis Juli statt.<\/p>\n"},{"acf_fc_layout":"image","image":false,"image_video":"<p><iframe loading=\"lazy\" title=\"Weinbau-Consulting mit Alain Bramaz: Ertragsreduktion \u2013 der Schl\u00fcssel zur Top-Qualit\u00e4t\" width=\"1400\" height=\"788\" src=\"https:\/\/www.youtube-nocookie.com\/embed\/f1_OzErvpNs?feature=oembed&#038;rel=0\" frameborder=\"0\" allow=\"accelerometer; autoplay; clipboard-write; encrypted-media; gyroscope; picture-in-picture; web-share\" referrerpolicy=\"strict-origin-when-cross-origin\" allowfullscreen><\/iframe><\/p>\n"},{"acf_fc_layout":"einspalter_text","einspalter_text_titel":"Quinta do Zambujeiro \u2013 die Ernte","einspalter_text_titel_typ":"2","einspalter_text_titel_fake":false,"einspalter_text_content":"<p>Ende August bis Anfang September findet auf der Quinta do Zambujeiro die Ernte statt \u2013 und zwar in purer Handarbeit. Genau dieser Schritt erlaubt es, erstklassige Qualit\u00e4tsweine zu produzieren.<\/p>\n"},{"acf_fc_layout":"image","image":false,"image_video":"<p><iframe loading=\"lazy\" title=\"Weinbau-Consulting mit Alain Bramaz: Quinta do Zambujeiro \u2013 Die Ernte\" width=\"1400\" height=\"788\" src=\"https:\/\/www.youtube-nocookie.com\/embed\/zwz9-2SP-Ac?feature=oembed&#038;rel=0\" frameborder=\"0\" allow=\"accelerometer; autoplay; clipboard-write; encrypted-media; gyroscope; picture-in-picture; web-share\" referrerpolicy=\"strict-origin-when-cross-origin\" allowfullscreen><\/iframe><\/p>\n"},{"acf_fc_layout":"einspalter_text","einspalter_text_titel":"Quinta do Zambujeiro \u2013 die Verarbeitung der Ernte","einspalter_text_titel_typ":"2","einspalter_text_titel_fake":false,"einspalter_text_content":"<p>Handarbeit ist die Essenz eines erstklassigen Qualit\u00e4tswein \u2013 und zwar von der Ernte bis in den Weinkeller. Bei der Verarbeitung der Ernte werden die Trauben von Hand und maschinell selektioniert. Im Tank landen auf diese Weise nur intakte, reife Trauben, die die Basis der herausragenden Zambujeiro-Weinen bilden.<\/p>\n"},{"acf_fc_layout":"image","image":false,"image_video":"<p><iframe loading=\"lazy\" title=\"Weinbau-Consulting mit Alain Bramaz: Quinta do Zambujeiro \u2013 Verarbeitung der Ernte\" width=\"1400\" height=\"788\" src=\"https:\/\/www.youtube-nocookie.com\/embed\/D-SluCWFcIk?feature=oembed&#038;rel=0\" frameborder=\"0\" allow=\"accelerometer; autoplay; clipboard-write; encrypted-media; gyroscope; picture-in-picture; web-share\" referrerpolicy=\"strict-origin-when-cross-origin\" allowfullscreen><\/iframe><\/p>\n"},{"acf_fc_layout":"einspalter_text","einspalter_text_titel":"Das Projekt Maria Vinci","einspalter_text_titel_typ":"2","einspalter_text_titel_fake":false,"einspalter_text_content":"<p>2015 begann das Projekt Maria Vinci in der toskanischen Maremma \u2013 etwa 20 Kilometer vom Meer entfernt. Zum Projekt geh\u00f6rte die Bepflanzung der unterschiedlichen Lagen, die biologische Bewirtschaftung der Rebberge und die Planung respektive Bau des neuen Weinkellers f\u00fcr die zuk\u00fcnftige Produktion der Weiss- und Rotweine.<\/p>\n"},{"acf_fc_layout":"image","image":false,"image_video":"<p><iframe loading=\"lazy\" title=\"Weinbau-Consulting mit Alain Bramaz: Maria Vinci \u2013 der lange Weg zum Bio-Wein auf h\u00f6chstem Niveau\" width=\"1400\" height=\"788\" src=\"https:\/\/www.youtube-nocookie.com\/embed\/1lgzK5DVnZM?feature=oembed&#038;rel=0\" frameborder=\"0\" allow=\"accelerometer; autoplay; clipboard-write; encrypted-media; gyroscope; picture-in-picture; web-share\" referrerpolicy=\"strict-origin-when-cross-origin\" allowfullscreen><\/iframe><\/p>\n"},{"acf_fc_layout":"einspalter_text","einspalter_text_titel":"Maria Vinci: Bau des neuen Weinkelllers","einspalter_text_titel_typ":"2","einspalter_text_titel_fake":false,"einspalter_text_content":"<p>2025 d\u00fcrften im neuen Weinkeller, den Alain Bramaz zusammen mit einem Architekten entworfen hat, die ersten Weine auf Maria Vinci entstehen: H\u00f6chste Qualit\u00e4t und biologisch zertifiziert.<\/p>\n"},{"acf_fc_layout":"image","image":false,"image_video":"<p><iframe loading=\"lazy\" title=\"Weinbau-Consulting mit Alain Bramaz: Maria Vinci \u2013 Besichtigung der Baustelle des neuen Weinkellers\" width=\"1400\" height=\"788\" src=\"https:\/\/www.youtube-nocookie.com\/embed\/GpmLqRaVpwM?feature=oembed&#038;rel=0\" frameborder=\"0\" allow=\"accelerometer; autoplay; clipboard-write; encrypted-media; gyroscope; picture-in-picture; web-share\" referrerpolicy=\"strict-origin-when-cross-origin\" allowfullscreen><\/iframe><\/p>\n"}],"newsletter_form_titel":"","newsletter_form_titel_typ":"2","newsletter_form_titel_fake":false,"newsletter_form_text":"","newsletter_form_hilfetext":""},"yoast_head":"<!-- This site is optimized with the Yoast SEO plugin v27.5 - https:\/\/yoast.com\/product\/yoast-seo-wordpress\/ -->\n<title>Videos Weinbau-Consulting - Globalwine<\/title>\n<meta name=\"description\" content=\"Globalwine \u00d6nologe Alain Bramaz ist seit \u00fcber 25 Jahren in der Beratung von Weing\u00fctern t\u00e4tig. Anhand von Videos zeigen wir Ihnen seine T\u00e4tigkeiten als Berater und Winemaker.\" \/>\n<meta name=\"robots\" content=\"index, follow, max-snippet:-1, max-image-preview:large, max-video-preview:-1\" \/>\n<link rel=\"canonical\" href=\"https:\/\/www.globalwine.ch\/cms\/weinbau-consulting\/videos-weinbau-consulting\/\" \/>\n<meta property=\"og:locale\" content=\"de_DE\" \/>\n<meta property=\"og:type\" content=\"article\" \/>\n<meta property=\"og:title\" content=\"Videos Weinbau-Consulting - Globalwine\" \/>\n<meta property=\"og:description\" content=\"Globalwine \u00d6nologe Alain Bramaz ist seit \u00fcber 25 Jahren in der Beratung von Weing\u00fctern t\u00e4tig. Anhand von Videos zeigen wir Ihnen seine T\u00e4tigkeiten als Berater und Winemaker.\" \/>\n<meta property=\"og:url\" content=\"https:\/\/www.globalwine.ch\/cms\/weinbau-consulting\/videos-weinbau-consulting\/\" \/>\n<meta property=\"og:site_name\" content=\"Globalwine\" \/>\n<meta property=\"article:publisher\" content=\"https:\/\/www.facebook.com\/GlobalwineAG\" \/>\n<meta property=\"article:modified_time\" content=\"2024-10-15T14:57:49+00:00\" \/>\n<meta property=\"og:image\" content=\"https:\/\/www.globalwine.ch\/cms\/wp-content\/uploads\/2021\/10\/Z5_DSC3936.jpg\" \/>\n\t<meta property=\"og:image:width\" content=\"2000\" \/>\n\t<meta property=\"og:image:height\" content=\"1280\" \/>\n\t<meta property=\"og:image:type\" content=\"image\/jpeg\" \/>\n<meta name=\"twitter:card\" content=\"summary_large_image\" \/>\n<meta name=\"twitter:label1\" content=\"Gesch\u00e4tzte Lesezeit\" \/>\n\t<meta name=\"twitter:data1\" content=\"3\u00a0Minuten\" \/>\n<script type=\"application\/ld+json\" class=\"yoast-schema-graph\">{\"@context\":\"https:\\\/\\\/schema.org\",\"@graph\":[{\"@type\":\"WebPage\",\"@id\":\"https:\\\/\\\/www.globalwine.ch\\\/cms\\\/weinbau-consulting\\\/videos-weinbau-consulting\\\/\",\"url\":\"https:\\\/\\\/www.globalwine.ch\\\/cms\\\/weinbau-consulting\\\/videos-weinbau-consulting\\\/\",\"name\":\"Videos Weinbau-Consulting - Globalwine\",\"isPartOf\":{\"@id\":\"https:\\\/\\\/www.globalwine.ch\\\/cms\\\/#website\"},\"primaryImageOfPage\":{\"@id\":\"https:\\\/\\\/www.globalwine.ch\\\/cms\\\/weinbau-consulting\\\/videos-weinbau-consulting\\\/#primaryimage\"},\"image\":{\"@id\":\"https:\\\/\\\/www.globalwine.ch\\\/cms\\\/weinbau-consulting\\\/videos-weinbau-consulting\\\/#primaryimage\"},\"thumbnailUrl\":\"https:\\\/\\\/www.globalwine.ch\\\/cms\\\/wp-content\\\/uploads\\\/2021\\\/10\\\/Z5_DSC3936.jpg\",\"datePublished\":\"2024-05-27T12:57:07+00:00\",\"dateModified\":\"2024-10-15T14:57:49+00:00\",\"description\":\"Globalwine \u00d6nologe Alain Bramaz ist seit \u00fcber 25 Jahren in der Beratung von Weing\u00fctern t\u00e4tig. Anhand von Videos zeigen wir Ihnen seine T\u00e4tigkeiten als Berater und Winemaker.\",\"breadcrumb\":{\"@id\":\"https:\\\/\\\/www.globalwine.ch\\\/cms\\\/weinbau-consulting\\\/videos-weinbau-consulting\\\/#breadcrumb\"},\"inLanguage\":\"de-CH\",\"potentialAction\":[{\"@type\":\"ReadAction\",\"target\":[\"https:\\\/\\\/www.globalwine.ch\\\/cms\\\/weinbau-consulting\\\/videos-weinbau-consulting\\\/\"]}]},{\"@type\":\"ImageObject\",\"inLanguage\":\"de-CH\",\"@id\":\"https:\\\/\\\/www.globalwine.ch\\\/cms\\\/weinbau-consulting\\\/videos-weinbau-consulting\\\/#primaryimage\",\"url\":\"https:\\\/\\\/www.globalwine.ch\\\/cms\\\/wp-content\\\/uploads\\\/2021\\\/10\\\/Z5_DSC3936.jpg\",\"contentUrl\":\"https:\\\/\\\/www.globalwine.ch\\\/cms\\\/wp-content\\\/uploads\\\/2021\\\/10\\\/Z5_DSC3936.jpg\",\"width\":2000,\"height\":1280,\"caption\":\"Weinbau Consulting\"},{\"@type\":\"BreadcrumbList\",\"@id\":\"https:\\\/\\\/www.globalwine.ch\\\/cms\\\/weinbau-consulting\\\/videos-weinbau-consulting\\\/#breadcrumb\",\"itemListElement\":[{\"@type\":\"ListItem\",\"position\":1,\"name\":\"Breadcrumb\",\"item\":\"https:\\\/\\\/www.globalwine.ch\\\/cms\\\/\"},{\"@type\":\"ListItem\",\"position\":2,\"name\":\"Weinbau-Consulting\",\"item\":\"https:\\\/\\\/www.globalwine.ch\\\/cms\\\/weinbau-consulting\\\/\"},{\"@type\":\"ListItem\",\"position\":3,\"name\":\"Videos Weinbau-Consulting\"}]},{\"@type\":\"WebSite\",\"@id\":\"https:\\\/\\\/www.globalwine.ch\\\/cms\\\/#website\",\"url\":\"https:\\\/\\\/www.globalwine.ch\\\/cms\\\/\",\"name\":\"Globalwine\",\"description\":\"\",\"publisher\":{\"@id\":\"https:\\\/\\\/www.globalwine.ch\\\/cms\\\/#organization\"},\"potentialAction\":[{\"@type\":\"SearchAction\",\"target\":{\"@type\":\"EntryPoint\",\"urlTemplate\":\"https:\\\/\\\/www.globalwine.ch\\\/cms\\\/?s={search_term_string}\"},\"query-input\":{\"@type\":\"PropertyValueSpecification\",\"valueRequired\":true,\"valueName\":\"search_term_string\"}}],\"inLanguage\":\"de-CH\"},{\"@type\":\"Organization\",\"@id\":\"https:\\\/\\\/www.globalwine.ch\\\/cms\\\/#organization\",\"name\":\"Globalwine AG\",\"url\":\"https:\\\/\\\/www.globalwine.ch\\\/cms\\\/\",\"logo\":{\"@type\":\"ImageObject\",\"inLanguage\":\"de-CH\",\"@id\":\"https:\\\/\\\/www.globalwine.ch\\\/cms\\\/#\\\/schema\\\/logo\\\/image\\\/\",\"url\":\"https:\\\/\\\/www.globalwine.ch\\\/cms\\\/wp-content\\\/uploads\\\/2021\\\/04\\\/globalwine-logo.png\",\"contentUrl\":\"https:\\\/\\\/www.globalwine.ch\\\/cms\\\/wp-content\\\/uploads\\\/2021\\\/04\\\/globalwine-logo.png\",\"width\":931,\"height\":144,\"caption\":\"Globalwine AG\"},\"image\":{\"@id\":\"https:\\\/\\\/www.globalwine.ch\\\/cms\\\/#\\\/schema\\\/logo\\\/image\\\/\"},\"sameAs\":[\"https:\\\/\\\/www.facebook.com\\\/GlobalwineAG\",\"https:\\\/\\\/www.instagram.com\\\/globalwine_ch\",\"https:\\\/\\\/www.linkedin.com\\\/company\\\/5823327\",\"https:\\\/\\\/www.youtube.com\\\/channel\\\/UCaXmwERn0IR5rrbwRvaFesg\"]}]}<\/script>\n<!-- \/ Yoast SEO plugin. -->","yoast_head_json":{"title":"Videos Weinbau-Consulting - Globalwine","description":"Globalwine \u00d6nologe Alain Bramaz ist seit \u00fcber 25 Jahren in der Beratung von Weing\u00fctern t\u00e4tig. Anhand von Videos zeigen wir Ihnen seine T\u00e4tigkeiten als Berater und Winemaker.","robots":{"index":"index","follow":"follow","max-snippet":"max-snippet:-1","max-image-preview":"max-image-preview:large","max-video-preview":"max-video-preview:-1"},"canonical":"https:\/\/www.globalwine.ch\/cms\/weinbau-consulting\/videos-weinbau-consulting\/","og_locale":"de_DE","og_type":"article","og_title":"Videos Weinbau-Consulting - Globalwine","og_description":"Globalwine \u00d6nologe Alain Bramaz ist seit \u00fcber 25 Jahren in der Beratung von Weing\u00fctern t\u00e4tig. Anhand von Videos zeigen wir Ihnen seine T\u00e4tigkeiten als Berater und Winemaker.","og_url":"https:\/\/www.globalwine.ch\/cms\/weinbau-consulting\/videos-weinbau-consulting\/","og_site_name":"Globalwine","article_publisher":"https:\/\/www.facebook.com\/GlobalwineAG","article_modified_time":"2024-10-15T14:57:49+00:00","og_image":[{"width":2000,"height":1280,"url":"https:\/\/www.globalwine.ch\/cms\/wp-content\/uploads\/2021\/10\/Z5_DSC3936.jpg","type":"image\/jpeg"}],"twitter_card":"summary_large_image","twitter_misc":{"Gesch\u00e4tzte Lesezeit":"3\u00a0Minuten"},"schema":{"@context":"https:\/\/schema.org","@graph":[{"@type":"WebPage","@id":"https:\/\/www.globalwine.ch\/cms\/weinbau-consulting\/videos-weinbau-consulting\/","url":"https:\/\/www.globalwine.ch\/cms\/weinbau-consulting\/videos-weinbau-consulting\/","name":"Videos Weinbau-Consulting - Globalwine","isPartOf":{"@id":"https:\/\/www.globalwine.ch\/cms\/#website"},"primaryImageOfPage":{"@id":"https:\/\/www.globalwine.ch\/cms\/weinbau-consulting\/videos-weinbau-consulting\/#primaryimage"},"image":{"@id":"https:\/\/www.globalwine.ch\/cms\/weinbau-consulting\/videos-weinbau-consulting\/#primaryimage"},"thumbnailUrl":"https:\/\/www.globalwine.ch\/cms\/wp-content\/uploads\/2021\/10\/Z5_DSC3936.jpg","datePublished":"2024-05-27T12:57:07+00:00","dateModified":"2024-10-15T14:57:49+00:00","description":"Globalwine \u00d6nologe Alain Bramaz ist seit \u00fcber 25 Jahren in der Beratung von Weing\u00fctern t\u00e4tig. Anhand von Videos zeigen wir Ihnen seine T\u00e4tigkeiten als Berater und Winemaker.","breadcrumb":{"@id":"https:\/\/www.globalwine.ch\/cms\/weinbau-consulting\/videos-weinbau-consulting\/#breadcrumb"},"inLanguage":"de-CH","potentialAction":[{"@type":"ReadAction","target":["https:\/\/www.globalwine.ch\/cms\/weinbau-consulting\/videos-weinbau-consulting\/"]}]},{"@type":"ImageObject","inLanguage":"de-CH","@id":"https:\/\/www.globalwine.ch\/cms\/weinbau-consulting\/videos-weinbau-consulting\/#primaryimage","url":"https:\/\/www.globalwine.ch\/cms\/wp-content\/uploads\/2021\/10\/Z5_DSC3936.jpg","contentUrl":"https:\/\/www.globalwine.ch\/cms\/wp-content\/uploads\/2021\/10\/Z5_DSC3936.jpg","width":2000,"height":1280,"caption":"Weinbau Consulting"},{"@type":"BreadcrumbList","@id":"https:\/\/www.globalwine.ch\/cms\/weinbau-consulting\/videos-weinbau-consulting\/#breadcrumb","itemListElement":[{"@type":"ListItem","position":1,"name":"Breadcrumb","item":"https:\/\/www.globalwine.ch\/cms\/"},{"@type":"ListItem","position":2,"name":"Weinbau-Consulting","item":"https:\/\/www.globalwine.ch\/cms\/weinbau-consulting\/"},{"@type":"ListItem","position":3,"name":"Videos Weinbau-Consulting"}]},{"@type":"WebSite","@id":"https:\/\/www.globalwine.ch\/cms\/#website","url":"https:\/\/www.globalwine.ch\/cms\/","name":"Globalwine","description":"","publisher":{"@id":"https:\/\/www.globalwine.ch\/cms\/#organization"},"potentialAction":[{"@type":"SearchAction","target":{"@type":"EntryPoint","urlTemplate":"https:\/\/www.globalwine.ch\/cms\/?s={search_term_string}"},"query-input":{"@type":"PropertyValueSpecification","valueRequired":true,"valueName":"search_term_string"}}],"inLanguage":"de-CH"},{"@type":"Organization","@id":"https:\/\/www.globalwine.ch\/cms\/#organization","name":"Globalwine AG","url":"https:\/\/www.globalwine.ch\/cms\/","logo":{"@type":"ImageObject","inLanguage":"de-CH","@id":"https:\/\/www.globalwine.ch\/cms\/#\/schema\/logo\/image\/","url":"https:\/\/www.globalwine.ch\/cms\/wp-content\/uploads\/2021\/04\/globalwine-logo.png","contentUrl":"https:\/\/www.globalwine.ch\/cms\/wp-content\/uploads\/2021\/04\/globalwine-logo.png","width":931,"height":144,"caption":"Globalwine AG"},"image":{"@id":"https:\/\/www.globalwine.ch\/cms\/#\/schema\/logo\/image\/"},"sameAs":["https:\/\/www.facebook.com\/GlobalwineAG","https:\/\/www.instagram.com\/globalwine_ch","https:\/\/www.linkedin.com\/company\/5823327","https:\/\/www.youtube.com\/channel\/UCaXmwERn0IR5rrbwRvaFesg"]}]}},"_links":{"self":[{"href":"https:\/\/www.globalwine.ch\/cms\/wp-json\/wp\/v2\/pages\/3029","targetHints":{"allow":["GET"]}}],"collection":[{"href":"https:\/\/www.globalwine.ch\/cms\/wp-json\/wp\/v2\/pages"}],"about":[{"href":"https:\/\/www.globalwine.ch\/cms\/wp-json\/wp\/v2\/types\/page"}],"author":[{"embeddable":true,"href":"https:\/\/www.globalwine.ch\/cms\/wp-json\/wp\/v2\/users\/2"}],"replies":[{"embeddable":true,"href":"https:\/\/www.globalwine.ch\/cms\/wp-json\/wp\/v2\/comments?post=3029"}],"version-history":[{"count":28,"href":"https:\/\/www.globalwine.ch\/cms\/wp-json\/wp\/v2\/pages\/3029\/revisions"}],"predecessor-version":[{"id":3241,"href":"https:\/\/www.globalwine.ch\/cms\/wp-json\/wp\/v2\/pages\/3029\/revisions\/3241"}],"up":[{"embeddable":true,"href":"https:\/\/www.globalwine.ch\/cms\/wp-json\/wp\/v2\/pages\/355"}],"wp:featuredmedia":[{"embeddable":true,"href":"https:\/\/www.globalwine.ch\/cms\/wp-json\/wp\/v2\/media\/968"}],"wp:attachment":[{"href":"https:\/\/www.globalwine.ch\/cms\/wp-json\/wp\/v2\/media?parent=3029"}],"curies":[{"name":"wp","href":"https:\/\/api.w.org\/{rel}","templated":true}]}}