{"id":3044,"date":"2024-05-27T15:09:08","date_gmt":"2024-05-27T13:09:08","guid":{"rendered":"https:\/\/www.globalwine.ch\/cms\/?page_id=3044"},"modified":"2024-09-26T14:00:37","modified_gmt":"2024-09-26T12:00:37","slug":"projekte-weinbau-consulting","status":"publish","type":"page","link":"https:\/\/www.globalwine.ch\/cms\/weinbau-consulting\/projekte-weinbau-consulting\/","title":{"rendered":"Projekte Weinbau-Consulting"},"content":{"rendered":"","protected":false},"excerpt":{"rendered":"","protected":false},"author":2,"featured_media":968,"parent":355,"menu_order":18,"comment_status":"closed","ping_status":"closed","template":"","meta":{"_acf_changed":false,"footnotes":""},"class_list":["post-3044","page","type-page","status-publish","has-post-thumbnail","hentry"],"acf":{"hide_pagetitle":true,"header_block":{"header_block_title":"Weinbau-Consulting","header_block_title_size":"big","header_block_subtitle":"Alain Bramaz","header_block_button":"","header_block_background_image":"https:\/\/www.globalwine.ch\/cms\/wp-content\/uploads\/2021\/10\/Z5_DSC3936.jpg"},"inhaltselemente":[{"acf_fc_layout":"einspalter_text","einspalter_text_titel":"Projekte von Alain Bramaz \u2013 Winemaking Consultant","einspalter_text_titel_typ":"1","einspalter_text_titel_fake":false,"einspalter_text_content":"<p>Globalwine \u00d6nologe Alain Bramaz ist seit 25 Jahren in der Beratung von Weing\u00fctern t\u00e4tig. Mit T\u00e4tigkeiten als Berater und Winemaker in Argentinien, S\u00fcdafrika, Spanien, Italien, Portugal und in der Schweiz verf\u00fcgt er \u00fcber einen breiten Erfahrungsschatz in der Weinproduktion.<\/p>\n"},{"acf_fc_layout":"image","image":2190,"image_video":""},{"acf_fc_layout":"einspalter_text","einspalter_text_titel":"","einspalter_text_titel_typ":"2","einspalter_text_titel_fake":false,"einspalter_text_content":"<p>Spitzenqualit\u00e4t, Liebe zum Detail, sorgf\u00e4ltige Planung sowie umweltschonende und langfristig nachhaltige Projekte sind Bramaz ein Herzensanliegen und der Grund, weshalb schon viele seiner Weine zu Lieblingen internationaler Weinkritiker avancierten. Mit einem kleinen Team von erfahrenen \u00d6nologen betreut er diverse Projekte und ist zudem als technischer Berater beim Bau und der Ausr\u00fcstung von Weinkellereien sehr gefragt.<\/p>\n<p>Gerne stellen wir Ihnen ein paar seiner Projekte vor:<\/p>\n"},{"acf_fc_layout":"image_text","image_text_titel":"Ojo De Agua, Dieter Meier - Mendoza - Argentinien","image_text_titel_typ":"2","image_text_titel_fake":false,"image_text_link":"","image_text_content":"<p>Dieter Meier, K\u00fcnstler und begeisterter Unternehmer in landwirtschaftlichen Projekten, hat Argentinien schon bei seinem ersten Besuch ins Herz geschlossen. 2010 beauftragte er Globalwine mit der technischen Beratung seiner Weinproduktion in Mendoza. Zwei Jahrg\u00e4nge lang (2010 und 2011) arbeitete Alain Bramaz intensiv mit dem Team vor Ort um die gesamte Produktion zu perfektionieren.<br \/>\nHeute sind die Bio-Weine der Linien Ojo de Agua und Puro aus dem nationalen und internationalen Weinmarkt nicht mehr wegzudenken.<\/p>\n<p><a href=\"https:\/\/ojodeagua.global\/de\/\">www.ojodeagua.global<\/a><\/p>\n","image_text_bild":791,"image_text_video":"","image_text_position_bild":"left","image_text_layout":"layout-two"},{"acf_fc_layout":"divider"},{"acf_fc_layout":"image_text","image_text_titel":"Quinta Do Zambujeiro - Alentejo - Portugal","image_text_titel_typ":"2","image_text_titel_fake":false,"image_text_link":"","image_text_content":"<p>Quinta do Zambujeiro, das erste grosse Beratungsprojekt von Globalwine, ist unter der Leitung von Alain Bramaz zu einem der Top Wein Brands Portugals avanciert. Globalwine war und ist beratend t\u00e4tig f\u00fcr den Bau und die technische Ausr\u00fcstung des Weinkellers, die Pflanzung von Weinbergen und die Kelterung der Weine.<br \/>\nBereits mit dem ersten Jahrgang, dem 1999er, erzielte man beachtliche Erfolge auf dem internationalen Markt. Inzwischen gilt der Wein als einer der besten Rotweine Portugals und wird von Robert Parker immer wieder mit H\u00f6chstnoten bewertet.<\/p>\n<p><a href=\"http:\/\/www.quintadozambujeiro.com\">www.quintadozambujeiro.com<\/a><\/p>\n","image_text_bild":945,"image_text_video":"","image_text_position_bild":"right","image_text_layout":"layout-two"},{"acf_fc_layout":"divider"},{"acf_fc_layout":"image_text","image_text_titel":"Ojo De Ibiza, Dieter Meier - Ibiza \u2013 Spanien","image_text_titel_typ":"2","image_text_titel_fake":false,"image_text_link":"","image_text_content":"<p>Nach sorgf\u00e4ltiger Vorbereitungszeit konnten 2013 die ersten Reben f\u00fcr Ojo de Ibiza\u00a0in den Bergen der Baleareninsel gepflanzt werden. Entstanden ist in der Folge ein kleiner, \u00e4usserst malerischer Rebberg von 3,2 Hektaren Gr\u00f6sse mit spektakul\u00e4rem Blick auf das Mittelmeer. In steilem Gel\u00e4nde wurden unz\u00e4hlige Terrassen angelegt, w\u00e4hrend die Reben auf kargem Sandboden wachsen.<br \/>\nDie spanische \u00d6nologin und Bio-Spezialistin Laura Garcia betreut das Projekt gemeinsam mit Alain Bramaz mit viel Leidenschaft. Produziert wird ausschliesslich Rotwein auf h\u00f6chstem Niveau. Die Herstellung erfolgt komplett handwerklich und streng nach den Richtlinien des Bio-Weinbaus.<\/p>\n<p><a href=\"http:\/\/www.ojoibiza.com\/\">www.ojoibiza.com<\/a><\/p>\n","image_text_bild":791,"image_text_video":"","image_text_position_bild":"left","image_text_layout":"layout-two"},{"acf_fc_layout":"divider"},{"acf_fc_layout":"image_text","image_text_titel":"Centurio \u2013 Manduria \u2013 Puglien \u2013 Italien","image_text_titel_typ":"2","image_text_titel_fake":false,"image_text_link":"","image_text_content":"<p>Aus uralten Primitivo-Reben im italienischen Manduria keltern wir einen aussergew\u00f6hnlichen S\u00fcdwein, den Centurio. Dem lokal \u00fcblichen, s\u00fcssen Massenweintrend setzen wir sorgf\u00e4ltige Handarbeit, strikte Selektion und m\u00f6glichst unbehandelte Weine entgegen. Langer, k\u00fchler Fassausbau und sorgf\u00e4ltige Abf\u00fcllung lassen den Wein seinen sch\u00f6nen und unverf\u00e4lschten Charakter zeigen. Ein klassischer Rotwein mit solider Struktur und einigem Lagerpotential. Seit dem Jahrgang 2010 erfreut der Centurio unsere anspruchsvolle Kundschaft.<\/p>\n","image_text_bild":799,"image_text_video":"","image_text_position_bild":"right","image_text_layout":"layout-two"},{"acf_fc_layout":"divider"},{"acf_fc_layout":"image_text","image_text_titel":"Tenuta Villa Ova \u2013 Piemont \u2013 Italien","image_text_titel_typ":"2","image_text_titel_fake":false,"image_text_link":"","image_text_content":"<p>Ein ungew\u00f6hnliches Projekt mit der Beteiligung von Dieter Meier. Das historische Anwesen mit Schloss und Kirche in der N\u00e4he von Alessandria geh\u00f6rt der Familie Negrone aus Genua, deren Geschichte bis ins Jahr 950 zur\u00fcckverfolgt werden kann. Aus Dokumenten des 18. Jahrhunderts ist ersichtlich, dass die Weine von Ova einst einen \u00e4hnlichen Weltruf wie Champagner und Portwein hatten. Jos Bendinelli Negrone, j\u00fcngster Spross der Familie, ist mit Dieter Meier befreundet und die beiden haben beschlossen, die Weinkultur an diesem historischem Ort wieder aufleben zu lassen. Globalwine ist als Berater aktiv dabei. Auf nur 1.8 Hektaren stehen Merlot und Cabernet Franc, aus denen ein eleganter, kr\u00e4ftiger und finessenreicher Rotwein in Bio-Qualit\u00e4t gekeltert wird.<br \/>\n<a href=\"http:\/\/www.negrone.it\/galleria\">www.negrone.it<\/a><\/p>\n","image_text_bild":949,"image_text_video":"","image_text_position_bild":"left","image_text_layout":"layout-two"},{"acf_fc_layout":"divider"},{"acf_fc_layout":"image_text","image_text_titel":"Maria Vinci \u2013 Maremma \u2013 Italien","image_text_titel_typ":"2","image_text_titel_fake":false,"image_text_link":"","image_text_content":"<p>Das Projekt liegt in der s\u00fcdlichen Toskana auf einer kargen, k\u00fchlen Hochebene, etwa 20 Kilometer vom Meer entfernt. Im Fr\u00fchling 2019 wurden die ersten 23\u2019000 Reben gepflanzt. Weitere Pflanzungen und der Bau eines neuen, modernen Weinkellers auf der gr\u00fcnen Wiese wurden in Angriff genommen. Ziel ist die Erzeugung von Rot- und Weissweinen auf h\u00f6chstem Niveau \u2013 mit viel Handarbeit und nach strengen Bio-Richtlinien. Im April 2022 ist nun der erste Wein, und zwar ein Chardonnay von Maria Vinci eingetroffen. <a href=\"https:\/\/www.globalwine.ch\/winzer\/italien\/toskana\/tenuta-maria-vinci-g-t-societa-agricola-r.l.\/\">Mehr erfahren<\/a><\/p>\n","image_text_bild":1535,"image_text_video":"","image_text_position_bild":"right","image_text_layout":"layout-two"}],"newsletter_form_titel":"","newsletter_form_titel_typ":"2","newsletter_form_titel_fake":false,"newsletter_form_text":"","newsletter_form_hilfetext":""},"yoast_head":"<!-- This site is optimized with the Yoast SEO plugin v27.3 - https:\/\/yoast.com\/product\/yoast-seo-wordpress\/ -->\n<title>Projekte Weinbau-Consulting - Globalwine<\/title>\n<meta name=\"description\" content=\"Globalwine \u00d6nologe Alain Bramaz ist seit \u00fcber 25 Jahren in der Beratung von Weing\u00fctern t\u00e4tig. Mit T\u00e4tigkeiten als Berater und Winemaker in Argentinien, S\u00fcdafrika, Spanien, Italien, Portugal und in der Schweiz verf\u00fcgt er \u00fcber einen breiten Erfahrungsschatz in der Weinproduktion.\" \/>\n<meta name=\"robots\" content=\"index, follow, max-snippet:-1, max-image-preview:large, max-video-preview:-1\" \/>\n<link rel=\"canonical\" href=\"https:\/\/www.globalwine.ch\/cms\/weinbau-consulting\/projekte-weinbau-consulting\/\" \/>\n<meta property=\"og:locale\" content=\"de_DE\" \/>\n<meta property=\"og:type\" content=\"article\" \/>\n<meta property=\"og:title\" content=\"Projekte Weinbau-Consulting - Globalwine\" \/>\n<meta property=\"og:description\" content=\"Globalwine \u00d6nologe Alain Bramaz ist seit \u00fcber 25 Jahren in der Beratung von Weing\u00fctern t\u00e4tig. Mit T\u00e4tigkeiten als Berater und Winemaker in Argentinien, S\u00fcdafrika, Spanien, Italien, Portugal und in der Schweiz verf\u00fcgt er \u00fcber einen breiten Erfahrungsschatz in der Weinproduktion.\" \/>\n<meta property=\"og:url\" content=\"https:\/\/www.globalwine.ch\/cms\/weinbau-consulting\/projekte-weinbau-consulting\/\" \/>\n<meta property=\"og:site_name\" content=\"Globalwine\" \/>\n<meta property=\"article:publisher\" content=\"https:\/\/www.facebook.com\/GlobalwineAG\" \/>\n<meta property=\"article:modified_time\" content=\"2024-09-26T12:00:37+00:00\" \/>\n<meta property=\"og:image\" content=\"https:\/\/www.globalwine.ch\/cms\/wp-content\/uploads\/2021\/10\/Z5_DSC3936.jpg\" \/>\n\t<meta property=\"og:image:width\" content=\"2000\" \/>\n\t<meta property=\"og:image:height\" content=\"1280\" \/>\n\t<meta property=\"og:image:type\" content=\"image\/jpeg\" \/>\n<meta name=\"twitter:card\" content=\"summary_large_image\" \/>\n<meta name=\"twitter:label1\" content=\"Gesch\u00e4tzte Lesezeit\" \/>\n\t<meta name=\"twitter:data1\" content=\"6\u00a0Minuten\" \/>\n<script type=\"application\/ld+json\" class=\"yoast-schema-graph\">{\"@context\":\"https:\\\/\\\/schema.org\",\"@graph\":[{\"@type\":\"WebPage\",\"@id\":\"https:\\\/\\\/www.globalwine.ch\\\/cms\\\/weinbau-consulting\\\/projekte-weinbau-consulting\\\/\",\"url\":\"https:\\\/\\\/www.globalwine.ch\\\/cms\\\/weinbau-consulting\\\/projekte-weinbau-consulting\\\/\",\"name\":\"Projekte Weinbau-Consulting - Globalwine\",\"isPartOf\":{\"@id\":\"https:\\\/\\\/www.globalwine.ch\\\/cms\\\/#website\"},\"primaryImageOfPage\":{\"@id\":\"https:\\\/\\\/www.globalwine.ch\\\/cms\\\/weinbau-consulting\\\/projekte-weinbau-consulting\\\/#primaryimage\"},\"image\":{\"@id\":\"https:\\\/\\\/www.globalwine.ch\\\/cms\\\/weinbau-consulting\\\/projekte-weinbau-consulting\\\/#primaryimage\"},\"thumbnailUrl\":\"https:\\\/\\\/www.globalwine.ch\\\/cms\\\/wp-content\\\/uploads\\\/2021\\\/10\\\/Z5_DSC3936.jpg\",\"datePublished\":\"2024-05-27T13:09:08+00:00\",\"dateModified\":\"2024-09-26T12:00:37+00:00\",\"description\":\"Globalwine \u00d6nologe Alain Bramaz ist seit \u00fcber 25 Jahren in der Beratung von Weing\u00fctern t\u00e4tig. Mit T\u00e4tigkeiten als Berater und Winemaker in Argentinien, S\u00fcdafrika, Spanien, Italien, Portugal und in der Schweiz verf\u00fcgt er \u00fcber einen breiten Erfahrungsschatz in der Weinproduktion.\",\"breadcrumb\":{\"@id\":\"https:\\\/\\\/www.globalwine.ch\\\/cms\\\/weinbau-consulting\\\/projekte-weinbau-consulting\\\/#breadcrumb\"},\"inLanguage\":\"de-CH\",\"potentialAction\":[{\"@type\":\"ReadAction\",\"target\":[\"https:\\\/\\\/www.globalwine.ch\\\/cms\\\/weinbau-consulting\\\/projekte-weinbau-consulting\\\/\"]}]},{\"@type\":\"ImageObject\",\"inLanguage\":\"de-CH\",\"@id\":\"https:\\\/\\\/www.globalwine.ch\\\/cms\\\/weinbau-consulting\\\/projekte-weinbau-consulting\\\/#primaryimage\",\"url\":\"https:\\\/\\\/www.globalwine.ch\\\/cms\\\/wp-content\\\/uploads\\\/2021\\\/10\\\/Z5_DSC3936.jpg\",\"contentUrl\":\"https:\\\/\\\/www.globalwine.ch\\\/cms\\\/wp-content\\\/uploads\\\/2021\\\/10\\\/Z5_DSC3936.jpg\",\"width\":2000,\"height\":1280,\"caption\":\"Weinbau Consulting\"},{\"@type\":\"BreadcrumbList\",\"@id\":\"https:\\\/\\\/www.globalwine.ch\\\/cms\\\/weinbau-consulting\\\/projekte-weinbau-consulting\\\/#breadcrumb\",\"itemListElement\":[{\"@type\":\"ListItem\",\"position\":1,\"name\":\"Breadcrumb\",\"item\":\"https:\\\/\\\/www.globalwine.ch\\\/cms\\\/\"},{\"@type\":\"ListItem\",\"position\":2,\"name\":\"Weinbau-Consulting\",\"item\":\"https:\\\/\\\/www.globalwine.ch\\\/cms\\\/weinbau-consulting\\\/\"},{\"@type\":\"ListItem\",\"position\":3,\"name\":\"Projekte Weinbau-Consulting\"}]},{\"@type\":\"WebSite\",\"@id\":\"https:\\\/\\\/www.globalwine.ch\\\/cms\\\/#website\",\"url\":\"https:\\\/\\\/www.globalwine.ch\\\/cms\\\/\",\"name\":\"Globalwine\",\"description\":\"\",\"publisher\":{\"@id\":\"https:\\\/\\\/www.globalwine.ch\\\/cms\\\/#organization\"},\"potentialAction\":[{\"@type\":\"SearchAction\",\"target\":{\"@type\":\"EntryPoint\",\"urlTemplate\":\"https:\\\/\\\/www.globalwine.ch\\\/cms\\\/?s={search_term_string}\"},\"query-input\":{\"@type\":\"PropertyValueSpecification\",\"valueRequired\":true,\"valueName\":\"search_term_string\"}}],\"inLanguage\":\"de-CH\"},{\"@type\":\"Organization\",\"@id\":\"https:\\\/\\\/www.globalwine.ch\\\/cms\\\/#organization\",\"name\":\"Globalwine AG\",\"url\":\"https:\\\/\\\/www.globalwine.ch\\\/cms\\\/\",\"logo\":{\"@type\":\"ImageObject\",\"inLanguage\":\"de-CH\",\"@id\":\"https:\\\/\\\/www.globalwine.ch\\\/cms\\\/#\\\/schema\\\/logo\\\/image\\\/\",\"url\":\"https:\\\/\\\/www.globalwine.ch\\\/cms\\\/wp-content\\\/uploads\\\/2021\\\/04\\\/globalwine-logo.png\",\"contentUrl\":\"https:\\\/\\\/www.globalwine.ch\\\/cms\\\/wp-content\\\/uploads\\\/2021\\\/04\\\/globalwine-logo.png\",\"width\":931,\"height\":144,\"caption\":\"Globalwine AG\"},\"image\":{\"@id\":\"https:\\\/\\\/www.globalwine.ch\\\/cms\\\/#\\\/schema\\\/logo\\\/image\\\/\"},\"sameAs\":[\"https:\\\/\\\/www.facebook.com\\\/GlobalwineAG\",\"https:\\\/\\\/www.instagram.com\\\/globalwine_ch\",\"https:\\\/\\\/www.linkedin.com\\\/company\\\/5823327\",\"https:\\\/\\\/www.youtube.com\\\/channel\\\/UCaXmwERn0IR5rrbwRvaFesg\"]}]}<\/script>\n<!-- \/ Yoast SEO plugin. -->","yoast_head_json":{"title":"Projekte Weinbau-Consulting - Globalwine","description":"Globalwine \u00d6nologe Alain Bramaz ist seit \u00fcber 25 Jahren in der Beratung von Weing\u00fctern t\u00e4tig. Mit T\u00e4tigkeiten als Berater und Winemaker in Argentinien, S\u00fcdafrika, Spanien, Italien, Portugal und in der Schweiz verf\u00fcgt er \u00fcber einen breiten Erfahrungsschatz in der Weinproduktion.","robots":{"index":"index","follow":"follow","max-snippet":"max-snippet:-1","max-image-preview":"max-image-preview:large","max-video-preview":"max-video-preview:-1"},"canonical":"https:\/\/www.globalwine.ch\/cms\/weinbau-consulting\/projekte-weinbau-consulting\/","og_locale":"de_DE","og_type":"article","og_title":"Projekte Weinbau-Consulting - Globalwine","og_description":"Globalwine \u00d6nologe Alain Bramaz ist seit \u00fcber 25 Jahren in der Beratung von Weing\u00fctern t\u00e4tig. Mit T\u00e4tigkeiten als Berater und Winemaker in Argentinien, S\u00fcdafrika, Spanien, Italien, Portugal und in der Schweiz verf\u00fcgt er \u00fcber einen breiten Erfahrungsschatz in der Weinproduktion.","og_url":"https:\/\/www.globalwine.ch\/cms\/weinbau-consulting\/projekte-weinbau-consulting\/","og_site_name":"Globalwine","article_publisher":"https:\/\/www.facebook.com\/GlobalwineAG","article_modified_time":"2024-09-26T12:00:37+00:00","og_image":[{"width":2000,"height":1280,"url":"https:\/\/www.globalwine.ch\/cms\/wp-content\/uploads\/2021\/10\/Z5_DSC3936.jpg","type":"image\/jpeg"}],"twitter_card":"summary_large_image","twitter_misc":{"Gesch\u00e4tzte Lesezeit":"6\u00a0Minuten"},"schema":{"@context":"https:\/\/schema.org","@graph":[{"@type":"WebPage","@id":"https:\/\/www.globalwine.ch\/cms\/weinbau-consulting\/projekte-weinbau-consulting\/","url":"https:\/\/www.globalwine.ch\/cms\/weinbau-consulting\/projekte-weinbau-consulting\/","name":"Projekte Weinbau-Consulting - Globalwine","isPartOf":{"@id":"https:\/\/www.globalwine.ch\/cms\/#website"},"primaryImageOfPage":{"@id":"https:\/\/www.globalwine.ch\/cms\/weinbau-consulting\/projekte-weinbau-consulting\/#primaryimage"},"image":{"@id":"https:\/\/www.globalwine.ch\/cms\/weinbau-consulting\/projekte-weinbau-consulting\/#primaryimage"},"thumbnailUrl":"https:\/\/www.globalwine.ch\/cms\/wp-content\/uploads\/2021\/10\/Z5_DSC3936.jpg","datePublished":"2024-05-27T13:09:08+00:00","dateModified":"2024-09-26T12:00:37+00:00","description":"Globalwine \u00d6nologe Alain Bramaz ist seit \u00fcber 25 Jahren in der Beratung von Weing\u00fctern t\u00e4tig. Mit T\u00e4tigkeiten als Berater und Winemaker in Argentinien, S\u00fcdafrika, Spanien, Italien, Portugal und in der Schweiz verf\u00fcgt er \u00fcber einen breiten Erfahrungsschatz in der Weinproduktion.","breadcrumb":{"@id":"https:\/\/www.globalwine.ch\/cms\/weinbau-consulting\/projekte-weinbau-consulting\/#breadcrumb"},"inLanguage":"de-CH","potentialAction":[{"@type":"ReadAction","target":["https:\/\/www.globalwine.ch\/cms\/weinbau-consulting\/projekte-weinbau-consulting\/"]}]},{"@type":"ImageObject","inLanguage":"de-CH","@id":"https:\/\/www.globalwine.ch\/cms\/weinbau-consulting\/projekte-weinbau-consulting\/#primaryimage","url":"https:\/\/www.globalwine.ch\/cms\/wp-content\/uploads\/2021\/10\/Z5_DSC3936.jpg","contentUrl":"https:\/\/www.globalwine.ch\/cms\/wp-content\/uploads\/2021\/10\/Z5_DSC3936.jpg","width":2000,"height":1280,"caption":"Weinbau Consulting"},{"@type":"BreadcrumbList","@id":"https:\/\/www.globalwine.ch\/cms\/weinbau-consulting\/projekte-weinbau-consulting\/#breadcrumb","itemListElement":[{"@type":"ListItem","position":1,"name":"Breadcrumb","item":"https:\/\/www.globalwine.ch\/cms\/"},{"@type":"ListItem","position":2,"name":"Weinbau-Consulting","item":"https:\/\/www.globalwine.ch\/cms\/weinbau-consulting\/"},{"@type":"ListItem","position":3,"name":"Projekte Weinbau-Consulting"}]},{"@type":"WebSite","@id":"https:\/\/www.globalwine.ch\/cms\/#website","url":"https:\/\/www.globalwine.ch\/cms\/","name":"Globalwine","description":"","publisher":{"@id":"https:\/\/www.globalwine.ch\/cms\/#organization"},"potentialAction":[{"@type":"SearchAction","target":{"@type":"EntryPoint","urlTemplate":"https:\/\/www.globalwine.ch\/cms\/?s={search_term_string}"},"query-input":{"@type":"PropertyValueSpecification","valueRequired":true,"valueName":"search_term_string"}}],"inLanguage":"de-CH"},{"@type":"Organization","@id":"https:\/\/www.globalwine.ch\/cms\/#organization","name":"Globalwine AG","url":"https:\/\/www.globalwine.ch\/cms\/","logo":{"@type":"ImageObject","inLanguage":"de-CH","@id":"https:\/\/www.globalwine.ch\/cms\/#\/schema\/logo\/image\/","url":"https:\/\/www.globalwine.ch\/cms\/wp-content\/uploads\/2021\/04\/globalwine-logo.png","contentUrl":"https:\/\/www.globalwine.ch\/cms\/wp-content\/uploads\/2021\/04\/globalwine-logo.png","width":931,"height":144,"caption":"Globalwine AG"},"image":{"@id":"https:\/\/www.globalwine.ch\/cms\/#\/schema\/logo\/image\/"},"sameAs":["https:\/\/www.facebook.com\/GlobalwineAG","https:\/\/www.instagram.com\/globalwine_ch","https:\/\/www.linkedin.com\/company\/5823327","https:\/\/www.youtube.com\/channel\/UCaXmwERn0IR5rrbwRvaFesg"]}]}},"_links":{"self":[{"href":"https:\/\/www.globalwine.ch\/cms\/wp-json\/wp\/v2\/pages\/3044","targetHints":{"allow":["GET"]}}],"collection":[{"href":"https:\/\/www.globalwine.ch\/cms\/wp-json\/wp\/v2\/pages"}],"about":[{"href":"https:\/\/www.globalwine.ch\/cms\/wp-json\/wp\/v2\/types\/page"}],"author":[{"embeddable":true,"href":"https:\/\/www.globalwine.ch\/cms\/wp-json\/wp\/v2\/users\/2"}],"replies":[{"embeddable":true,"href":"https:\/\/www.globalwine.ch\/cms\/wp-json\/wp\/v2\/comments?post=3044"}],"version-history":[{"count":10,"href":"https:\/\/www.globalwine.ch\/cms\/wp-json\/wp\/v2\/pages\/3044\/revisions"}],"predecessor-version":[{"id":3207,"href":"https:\/\/www.globalwine.ch\/cms\/wp-json\/wp\/v2\/pages\/3044\/revisions\/3207"}],"up":[{"embeddable":true,"href":"https:\/\/www.globalwine.ch\/cms\/wp-json\/wp\/v2\/pages\/355"}],"wp:featuredmedia":[{"embeddable":true,"href":"https:\/\/www.globalwine.ch\/cms\/wp-json\/wp\/v2\/media\/968"}],"wp:attachment":[{"href":"https:\/\/www.globalwine.ch\/cms\/wp-json\/wp\/v2\/media?parent=3044"}],"curies":[{"name":"wp","href":"https:\/\/api.w.org\/{rel}","templated":true}]}}