{"id":355,"date":"2021-04-22T11:05:40","date_gmt":"2021-04-22T09:05:40","guid":{"rendered":"https:\/\/www.globalwine.ch\/cms\/?page_id=355"},"modified":"2026-02-10T16:00:11","modified_gmt":"2026-02-10T15:00:11","slug":"weinbau-consulting","status":"publish","type":"page","link":"https:\/\/www.globalwine.ch\/cms\/weinbau-consulting\/","title":{"rendered":"Weinbau-Consulting"},"content":{"rendered":"","protected":false},"excerpt":{"rendered":"","protected":false},"author":2,"featured_media":968,"parent":0,"menu_order":16,"comment_status":"closed","ping_status":"closed","template":"","meta":{"_acf_changed":false,"footnotes":""},"class_list":["post-355","page","type-page","status-publish","has-post-thumbnail","hentry"],"acf":{"hide_pagetitle":true,"header_block":{"header_block_title":"Weinbau-Consulting","header_block_title_size":"big","header_block_subtitle":"Alain Bramaz","header_block_button":"","header_block_background_image":"https:\/\/www.globalwine.ch\/cms\/wp-content\/uploads\/2021\/10\/Z5_DSC3936.jpg"},"inhaltselemente":[{"acf_fc_layout":"einspalter_text","einspalter_text_titel":"Alain Bramaz \u2013 Winemaking Consultant mit internationaler Erfahrung","einspalter_text_titel_typ":"1","einspalter_text_titel_fake":false,"einspalter_text_content":"<p>Globalwine \u00d6nologe Alain Bramaz ist seit 25 Jahren in der Beratung von Weing\u00fctern t\u00e4tig. Mit T\u00e4tigkeiten als Berater und Winemaker in Argentinien, S\u00fcdafrika, Spanien, Italien, Portugal und in der Schweiz verf\u00fcgt er \u00fcber einen breiten Erfahrungsschatz in der Weinproduktion.<\/p>\n"},{"acf_fc_layout":"image","image":721,"image_video":""},{"acf_fc_layout":"einspalter_text","einspalter_text_titel":"","einspalter_text_titel_typ":"2","einspalter_text_titel_fake":false,"einspalter_text_content":"<p>Spitzenqualit\u00e4t, Liebe zum Detail, sorgf\u00e4ltige Planung sowie umweltschonende und langfristig nachhaltige Projekte sind Bramaz ein Herzensanliegen und der Grund, weshalb schon viele seiner Weine zu Lieblingen internationaler Weinkritiker avancierten. Mit einem kleinen Team von erfahrenen \u00d6nologen betreut er diverse Projekte und ist zudem als technischer Berater beim Bau und der Ausr\u00fcstung von Weinkellereien sehr gefragt.<\/p>\n"},{"acf_fc_layout":"image","image":false,"image_video":"<p><iframe loading=\"lazy\" title=\"Wineconsulting mit Alain Bramaz\" width=\"1400\" height=\"788\" src=\"https:\/\/www.youtube-nocookie.com\/embed\/uf8pw6ZVkgk?feature=oembed&#038;rel=0\" frameborder=\"0\" allow=\"accelerometer; autoplay; clipboard-write; encrypted-media; gyroscope; picture-in-picture; web-share\" referrerpolicy=\"strict-origin-when-cross-origin\" allowfullscreen><\/iframe><\/p>\n"},{"acf_fc_layout":"einspalter_text","einspalter_text_titel":"","einspalter_text_titel_typ":"2","einspalter_text_titel_fake":false,"einspalter_text_content":"<p>Zu den <a href=\"https:\/\/www.globalwine.ch\/cms\/weinbau-consulting\/projekte-weinbau-consulting\/\">Projekten<\/a>, die Alain Bramaz begleitet.<br \/>\n<a href=\"https:\/\/www.globalwine.ch\/cms\/weinbau-consulting\/videos-weinbau-consulting\/\">Weitere Videos<\/a> zu den verschiedenen Aspekten der Weinbau-Beratung.<\/p>\n"}],"newsletter_form_titel":"","newsletter_form_titel_typ":"2","newsletter_form_titel_fake":false,"newsletter_form_text":"","newsletter_form_hilfetext":""},"yoast_head":"<!-- This site is optimized with the Yoast SEO plugin v27.5 - https:\/\/yoast.com\/product\/yoast-seo-wordpress\/ -->\n<title>Weinbau-Consulting - Globalwine<\/title>\n<meta name=\"description\" content=\"Globalwine \u00d6nologe Alain Bramaz ist seit \u00fcber 25 Jahren in der Beratung von Weing\u00fctern t\u00e4tig. Mit T\u00e4tigkeiten als Berater und Winemaker in Argentinien, S\u00fcdafrika, Spanien, Italien, Portugal und in der Schweiz verf\u00fcgt er \u00fcber einen breiten Erfahrungsschatz in der Weinproduktion.\" \/>\n<meta name=\"robots\" content=\"index, follow, max-snippet:-1, max-image-preview:large, max-video-preview:-1\" \/>\n<link rel=\"canonical\" href=\"https:\/\/www.globalwine.ch\/cms\/weinbau-consulting\/\" \/>\n<meta property=\"og:locale\" content=\"de_DE\" \/>\n<meta property=\"og:type\" content=\"article\" \/>\n<meta property=\"og:title\" content=\"Weinbau-Consulting - Globalwine\" \/>\n<meta property=\"og:description\" content=\"Globalwine \u00d6nologe Alain Bramaz ist seit \u00fcber 25 Jahren in der Beratung von Weing\u00fctern t\u00e4tig. Mit T\u00e4tigkeiten als Berater und Winemaker in Argentinien, S\u00fcdafrika, Spanien, Italien, Portugal und in der Schweiz verf\u00fcgt er \u00fcber einen breiten Erfahrungsschatz in der Weinproduktion.\" \/>\n<meta property=\"og:url\" content=\"https:\/\/www.globalwine.ch\/cms\/weinbau-consulting\/\" \/>\n<meta property=\"og:site_name\" content=\"Globalwine\" \/>\n<meta property=\"article:publisher\" content=\"https:\/\/www.facebook.com\/GlobalwineAG\" \/>\n<meta property=\"article:modified_time\" content=\"2026-02-10T15:00:11+00:00\" \/>\n<meta property=\"og:image\" content=\"https:\/\/www.globalwine.ch\/cms\/wp-content\/uploads\/2021\/10\/Z5_DSC3936.jpg\" \/>\n\t<meta property=\"og:image:width\" content=\"2000\" \/>\n\t<meta property=\"og:image:height\" content=\"1280\" \/>\n\t<meta property=\"og:image:type\" content=\"image\/jpeg\" \/>\n<meta name=\"twitter:card\" content=\"summary_large_image\" \/>\n<meta name=\"twitter:label1\" content=\"Gesch\u00e4tzte Lesezeit\" \/>\n\t<meta name=\"twitter:data1\" content=\"2\u00a0Minuten\" \/>\n<script type=\"application\/ld+json\" class=\"yoast-schema-graph\">{\"@context\":\"https:\\\/\\\/schema.org\",\"@graph\":[{\"@type\":\"WebPage\",\"@id\":\"https:\\\/\\\/www.globalwine.ch\\\/cms\\\/weinbau-consulting\\\/\",\"url\":\"https:\\\/\\\/www.globalwine.ch\\\/cms\\\/weinbau-consulting\\\/\",\"name\":\"Weinbau-Consulting - Globalwine\",\"isPartOf\":{\"@id\":\"https:\\\/\\\/www.globalwine.ch\\\/cms\\\/#website\"},\"primaryImageOfPage\":{\"@id\":\"https:\\\/\\\/www.globalwine.ch\\\/cms\\\/weinbau-consulting\\\/#primaryimage\"},\"image\":{\"@id\":\"https:\\\/\\\/www.globalwine.ch\\\/cms\\\/weinbau-consulting\\\/#primaryimage\"},\"thumbnailUrl\":\"https:\\\/\\\/www.globalwine.ch\\\/cms\\\/wp-content\\\/uploads\\\/2021\\\/10\\\/Z5_DSC3936.jpg\",\"datePublished\":\"2021-04-22T09:05:40+00:00\",\"dateModified\":\"2026-02-10T15:00:11+00:00\",\"description\":\"Globalwine \u00d6nologe Alain Bramaz ist seit \u00fcber 25 Jahren in der Beratung von Weing\u00fctern t\u00e4tig. Mit T\u00e4tigkeiten als Berater und Winemaker in Argentinien, S\u00fcdafrika, Spanien, Italien, Portugal und in der Schweiz verf\u00fcgt er \u00fcber einen breiten Erfahrungsschatz in der Weinproduktion.\",\"breadcrumb\":{\"@id\":\"https:\\\/\\\/www.globalwine.ch\\\/cms\\\/weinbau-consulting\\\/#breadcrumb\"},\"inLanguage\":\"de-CH\",\"potentialAction\":[{\"@type\":\"ReadAction\",\"target\":[\"https:\\\/\\\/www.globalwine.ch\\\/cms\\\/weinbau-consulting\\\/\"]}]},{\"@type\":\"ImageObject\",\"inLanguage\":\"de-CH\",\"@id\":\"https:\\\/\\\/www.globalwine.ch\\\/cms\\\/weinbau-consulting\\\/#primaryimage\",\"url\":\"https:\\\/\\\/www.globalwine.ch\\\/cms\\\/wp-content\\\/uploads\\\/2021\\\/10\\\/Z5_DSC3936.jpg\",\"contentUrl\":\"https:\\\/\\\/www.globalwine.ch\\\/cms\\\/wp-content\\\/uploads\\\/2021\\\/10\\\/Z5_DSC3936.jpg\",\"width\":2000,\"height\":1280,\"caption\":\"Weinbau Consulting\"},{\"@type\":\"BreadcrumbList\",\"@id\":\"https:\\\/\\\/www.globalwine.ch\\\/cms\\\/weinbau-consulting\\\/#breadcrumb\",\"itemListElement\":[{\"@type\":\"ListItem\",\"position\":1,\"name\":\"Breadcrumb\",\"item\":\"https:\\\/\\\/www.globalwine.ch\\\/cms\\\/\"},{\"@type\":\"ListItem\",\"position\":2,\"name\":\"Weinbau-Consulting\"}]},{\"@type\":\"WebSite\",\"@id\":\"https:\\\/\\\/www.globalwine.ch\\\/cms\\\/#website\",\"url\":\"https:\\\/\\\/www.globalwine.ch\\\/cms\\\/\",\"name\":\"Globalwine\",\"description\":\"\",\"publisher\":{\"@id\":\"https:\\\/\\\/www.globalwine.ch\\\/cms\\\/#organization\"},\"potentialAction\":[{\"@type\":\"SearchAction\",\"target\":{\"@type\":\"EntryPoint\",\"urlTemplate\":\"https:\\\/\\\/www.globalwine.ch\\\/cms\\\/?s={search_term_string}\"},\"query-input\":{\"@type\":\"PropertyValueSpecification\",\"valueRequired\":true,\"valueName\":\"search_term_string\"}}],\"inLanguage\":\"de-CH\"},{\"@type\":\"Organization\",\"@id\":\"https:\\\/\\\/www.globalwine.ch\\\/cms\\\/#organization\",\"name\":\"Globalwine AG\",\"url\":\"https:\\\/\\\/www.globalwine.ch\\\/cms\\\/\",\"logo\":{\"@type\":\"ImageObject\",\"inLanguage\":\"de-CH\",\"@id\":\"https:\\\/\\\/www.globalwine.ch\\\/cms\\\/#\\\/schema\\\/logo\\\/image\\\/\",\"url\":\"https:\\\/\\\/www.globalwine.ch\\\/cms\\\/wp-content\\\/uploads\\\/2021\\\/04\\\/globalwine-logo.png\",\"contentUrl\":\"https:\\\/\\\/www.globalwine.ch\\\/cms\\\/wp-content\\\/uploads\\\/2021\\\/04\\\/globalwine-logo.png\",\"width\":931,\"height\":144,\"caption\":\"Globalwine AG\"},\"image\":{\"@id\":\"https:\\\/\\\/www.globalwine.ch\\\/cms\\\/#\\\/schema\\\/logo\\\/image\\\/\"},\"sameAs\":[\"https:\\\/\\\/www.facebook.com\\\/GlobalwineAG\",\"https:\\\/\\\/www.instagram.com\\\/globalwine_ch\",\"https:\\\/\\\/www.linkedin.com\\\/company\\\/5823327\",\"https:\\\/\\\/www.youtube.com\\\/channel\\\/UCaXmwERn0IR5rrbwRvaFesg\"]}]}<\/script>\n<!-- \/ Yoast SEO plugin. -->","yoast_head_json":{"title":"Weinbau-Consulting - Globalwine","description":"Globalwine \u00d6nologe Alain Bramaz ist seit \u00fcber 25 Jahren in der Beratung von Weing\u00fctern t\u00e4tig. Mit T\u00e4tigkeiten als Berater und Winemaker in Argentinien, S\u00fcdafrika, Spanien, Italien, Portugal und in der Schweiz verf\u00fcgt er \u00fcber einen breiten Erfahrungsschatz in der Weinproduktion.","robots":{"index":"index","follow":"follow","max-snippet":"max-snippet:-1","max-image-preview":"max-image-preview:large","max-video-preview":"max-video-preview:-1"},"canonical":"https:\/\/www.globalwine.ch\/cms\/weinbau-consulting\/","og_locale":"de_DE","og_type":"article","og_title":"Weinbau-Consulting - Globalwine","og_description":"Globalwine \u00d6nologe Alain Bramaz ist seit \u00fcber 25 Jahren in der Beratung von Weing\u00fctern t\u00e4tig. Mit T\u00e4tigkeiten als Berater und Winemaker in Argentinien, S\u00fcdafrika, Spanien, Italien, Portugal und in der Schweiz verf\u00fcgt er \u00fcber einen breiten Erfahrungsschatz in der Weinproduktion.","og_url":"https:\/\/www.globalwine.ch\/cms\/weinbau-consulting\/","og_site_name":"Globalwine","article_publisher":"https:\/\/www.facebook.com\/GlobalwineAG","article_modified_time":"2026-02-10T15:00:11+00:00","og_image":[{"width":2000,"height":1280,"url":"https:\/\/www.globalwine.ch\/cms\/wp-content\/uploads\/2021\/10\/Z5_DSC3936.jpg","type":"image\/jpeg"}],"twitter_card":"summary_large_image","twitter_misc":{"Gesch\u00e4tzte Lesezeit":"2\u00a0Minuten"},"schema":{"@context":"https:\/\/schema.org","@graph":[{"@type":"WebPage","@id":"https:\/\/www.globalwine.ch\/cms\/weinbau-consulting\/","url":"https:\/\/www.globalwine.ch\/cms\/weinbau-consulting\/","name":"Weinbau-Consulting - Globalwine","isPartOf":{"@id":"https:\/\/www.globalwine.ch\/cms\/#website"},"primaryImageOfPage":{"@id":"https:\/\/www.globalwine.ch\/cms\/weinbau-consulting\/#primaryimage"},"image":{"@id":"https:\/\/www.globalwine.ch\/cms\/weinbau-consulting\/#primaryimage"},"thumbnailUrl":"https:\/\/www.globalwine.ch\/cms\/wp-content\/uploads\/2021\/10\/Z5_DSC3936.jpg","datePublished":"2021-04-22T09:05:40+00:00","dateModified":"2026-02-10T15:00:11+00:00","description":"Globalwine \u00d6nologe Alain Bramaz ist seit \u00fcber 25 Jahren in der Beratung von Weing\u00fctern t\u00e4tig. Mit T\u00e4tigkeiten als Berater und Winemaker in Argentinien, S\u00fcdafrika, Spanien, Italien, Portugal und in der Schweiz verf\u00fcgt er \u00fcber einen breiten Erfahrungsschatz in der Weinproduktion.","breadcrumb":{"@id":"https:\/\/www.globalwine.ch\/cms\/weinbau-consulting\/#breadcrumb"},"inLanguage":"de-CH","potentialAction":[{"@type":"ReadAction","target":["https:\/\/www.globalwine.ch\/cms\/weinbau-consulting\/"]}]},{"@type":"ImageObject","inLanguage":"de-CH","@id":"https:\/\/www.globalwine.ch\/cms\/weinbau-consulting\/#primaryimage","url":"https:\/\/www.globalwine.ch\/cms\/wp-content\/uploads\/2021\/10\/Z5_DSC3936.jpg","contentUrl":"https:\/\/www.globalwine.ch\/cms\/wp-content\/uploads\/2021\/10\/Z5_DSC3936.jpg","width":2000,"height":1280,"caption":"Weinbau Consulting"},{"@type":"BreadcrumbList","@id":"https:\/\/www.globalwine.ch\/cms\/weinbau-consulting\/#breadcrumb","itemListElement":[{"@type":"ListItem","position":1,"name":"Breadcrumb","item":"https:\/\/www.globalwine.ch\/cms\/"},{"@type":"ListItem","position":2,"name":"Weinbau-Consulting"}]},{"@type":"WebSite","@id":"https:\/\/www.globalwine.ch\/cms\/#website","url":"https:\/\/www.globalwine.ch\/cms\/","name":"Globalwine","description":"","publisher":{"@id":"https:\/\/www.globalwine.ch\/cms\/#organization"},"potentialAction":[{"@type":"SearchAction","target":{"@type":"EntryPoint","urlTemplate":"https:\/\/www.globalwine.ch\/cms\/?s={search_term_string}"},"query-input":{"@type":"PropertyValueSpecification","valueRequired":true,"valueName":"search_term_string"}}],"inLanguage":"de-CH"},{"@type":"Organization","@id":"https:\/\/www.globalwine.ch\/cms\/#organization","name":"Globalwine AG","url":"https:\/\/www.globalwine.ch\/cms\/","logo":{"@type":"ImageObject","inLanguage":"de-CH","@id":"https:\/\/www.globalwine.ch\/cms\/#\/schema\/logo\/image\/","url":"https:\/\/www.globalwine.ch\/cms\/wp-content\/uploads\/2021\/04\/globalwine-logo.png","contentUrl":"https:\/\/www.globalwine.ch\/cms\/wp-content\/uploads\/2021\/04\/globalwine-logo.png","width":931,"height":144,"caption":"Globalwine AG"},"image":{"@id":"https:\/\/www.globalwine.ch\/cms\/#\/schema\/logo\/image\/"},"sameAs":["https:\/\/www.facebook.com\/GlobalwineAG","https:\/\/www.instagram.com\/globalwine_ch","https:\/\/www.linkedin.com\/company\/5823327","https:\/\/www.youtube.com\/channel\/UCaXmwERn0IR5rrbwRvaFesg"]}]}},"_links":{"self":[{"href":"https:\/\/www.globalwine.ch\/cms\/wp-json\/wp\/v2\/pages\/355","targetHints":{"allow":["GET"]}}],"collection":[{"href":"https:\/\/www.globalwine.ch\/cms\/wp-json\/wp\/v2\/pages"}],"about":[{"href":"https:\/\/www.globalwine.ch\/cms\/wp-json\/wp\/v2\/types\/page"}],"author":[{"embeddable":true,"href":"https:\/\/www.globalwine.ch\/cms\/wp-json\/wp\/v2\/users\/2"}],"replies":[{"embeddable":true,"href":"https:\/\/www.globalwine.ch\/cms\/wp-json\/wp\/v2\/comments?post=355"}],"version-history":[{"count":10,"href":"https:\/\/www.globalwine.ch\/cms\/wp-json\/wp\/v2\/pages\/355\/revisions"}],"predecessor-version":[{"id":3805,"href":"https:\/\/www.globalwine.ch\/cms\/wp-json\/wp\/v2\/pages\/355\/revisions\/3805"}],"wp:featuredmedia":[{"embeddable":true,"href":"https:\/\/www.globalwine.ch\/cms\/wp-json\/wp\/v2\/media\/968"}],"wp:attachment":[{"href":"https:\/\/www.globalwine.ch\/cms\/wp-json\/wp\/v2\/media?parent=355"}],"curies":[{"name":"wp","href":"https:\/\/api.w.org\/{rel}","templated":true}]}}