{"id":496,"date":"2021-06-15T16:03:26","date_gmt":"2021-06-15T14:03:26","guid":{"rendered":"https:\/\/www.globalwine.ch\/cms\/?page_id=496"},"modified":"2024-05-27T15:04:30","modified_gmt":"2024-05-27T13:04:30","slug":"versandkonditionen","status":"publish","type":"page","link":"https:\/\/www.globalwine.ch\/cms\/versandkonditionen\/","title":{"rendered":"Versandkonditionen"},"content":{"rendered":"","protected":false},"excerpt":{"rendered":"","protected":false},"author":1,"featured_media":718,"parent":0,"menu_order":14,"comment_status":"closed","ping_status":"closed","template":"","meta":{"_acf_changed":false,"footnotes":""},"class_list":["post-496","page","type-page","status-publish","has-post-thumbnail","hentry"],"acf":{"hide_pagetitle":true,"header_block":{"header_block_title":"","header_block_title_size":"default","header_block_subtitle":"","header_block_button":"","header_block_background_image":false},"inhaltselemente":[{"acf_fc_layout":"einspalter_text","einspalter_text_titel":"Versandkonditionen","einspalter_text_titel_typ":"1","einspalter_text_titel_fake":false,"einspalter_text_content":""},{"acf_fc_layout":"einspalter_text","einspalter_text_titel":"Zustellungen","einspalter_text_titel_typ":"2","einspalter_text_titel_fake":false,"einspalter_text_content":"<ul>\n<li>Ab einem Warenwert der Bestellung in der H\u00f6he von mindestens CHF 100.00 bei Privatkunden (von mindestens CHF 500.00 Gastro, Fach- und Gro\u00dfhandel) erfolgt die Lieferung innerhalb der Schweiz und dem F\u00fcrstentum Liechtenstein kostenfrei, franko Domizil.<\/li>\n<li>Bei Bestellungen mit einem Warenwert von weniger als CHF 100.00 (weniger als CHF 500.00 bei Gastro, Fach- und Gro\u00dfhandel) erheben wir pro Bestellung bzw. Lieferung innerhalb der Schweiz und dem F\u00fcrstentum Liechtenstein einen pauschalen Transportkostenanteil in H\u00f6he von CHF 9.90 (bei Gastro, Fach- und Gro\u00dfhandel von CHF 40.00).<\/li>\n<li>Mengen bis 24 Flaschen versenden wir per Post\/Vinolog. Danach erfolgt die Zustellung durch unseren Logistik-Partner Imbach.<\/li>\n<li>Wir behalten uns vor, weitere logistische Dienstleistungen wie Expresszustellung usf. zus\u00e4tzlich zu verrechnen.<\/li>\n<\/ul>\n"},{"acf_fc_layout":"einspalter_text","einspalter_text_titel":"Abholungen","einspalter_text_titel_typ":"2","einspalter_text_titel_fake":false,"einspalter_text_content":"<ul>\n<li>Bei Abholung ab Lager Globalwine AG, R\u00e4ffelstrasse 25, in 8045 Z\u00fcrich, bitten wir Sie, uns dies telefonisch mindestens 24 Std. vorher bekannt zu geben.<\/li>\n<\/ul>\n"},{"acf_fc_layout":"einspalter_text","einspalter_text_titel":"Lieferzeiten","einspalter_text_titel_typ":"2","einspalter_text_titel_fake":false,"einspalter_text_content":"<p>Die Lieferzeit betr\u00e4gt in der Regel zwei bis drei Werktage; diese Lieferzeit kann jedoch nicht garantiert werden. Schadenersatzanspr\u00fcche wegen nicht rechtzeitiger Lieferung, Teillieferung oder Nichtlieferung sind ausgeschlossen. Wir sind in jedem Fall auch zu Teillieferung berechtigt. Bestellungen, die erst nach 12.00 Uhr vorliegen, k\u00f6nnen nicht mehr am Folgetag zugestellt werden. Dies gilt auch fu\u0308r vereinbarte Fixtermine.<\/p>\n"},{"acf_fc_layout":"einspalter_text","einspalter_text_titel":"Gew\u00e4hrleistung","einspalter_text_titel_typ":"2","einspalter_text_titel_fake":false,"einspalter_text_content":"<ul>\n<li>Die Beschaffenheit der empfangenen Ware muss nach Erhalt sofort gepr\u00fcft werden; nach Ablauf von acht Tagen gilt die Lieferung als genehmigt.<\/li>\n<li>F\u00fcr berechtigte, schriftlich angezeigte M\u00e4ngel erfolgt eine kostenlose Nach- bzw. Ersatzlieferung.<\/li>\n<li>Zapfenweine werden bei unverz\u00fcglicher Retournierung ersetzt oder gutgeschrieben.<\/li>\n<\/ul>\n"}]},"yoast_head":"<!-- This site is optimized with the Yoast SEO plugin v27.5 - https:\/\/yoast.com\/product\/yoast-seo-wordpress\/ -->\n<title>Versandkonditionen - Globalwine<\/title>\n<meta name=\"description\" content=\"Versandkonditionen - \u00dcber 800 auserlesene Weine und Spirituosen aus aller Welt direkt ab Weingut online bestellen.\" \/>\n<meta name=\"robots\" content=\"index, follow, max-snippet:-1, max-image-preview:large, max-video-preview:-1\" \/>\n<link rel=\"canonical\" href=\"https:\/\/www.globalwine.ch\/cms\/versandkonditionen\/\" \/>\n<meta property=\"og:locale\" content=\"de_DE\" \/>\n<meta property=\"og:type\" content=\"article\" \/>\n<meta property=\"og:title\" content=\"Versandkonditionen - Globalwine\" \/>\n<meta property=\"og:description\" content=\"Versandkonditionen - \u00dcber 800 auserlesene Weine und Spirituosen aus aller Welt direkt ab Weingut online bestellen.\" \/>\n<meta property=\"og:url\" content=\"https:\/\/www.globalwine.ch\/cms\/versandkonditionen\/\" \/>\n<meta property=\"og:site_name\" content=\"Globalwine\" \/>\n<meta property=\"article:publisher\" content=\"https:\/\/www.facebook.com\/GlobalwineAG\" \/>\n<meta property=\"article:modified_time\" content=\"2024-05-27T13:04:30+00:00\" \/>\n<meta property=\"og:image\" content=\"https:\/\/www.globalwine.ch\/cms\/wp-content\/uploads\/2021\/06\/empfehlung-vegane-weine-02.jpg\" \/>\n\t<meta property=\"og:image:width\" content=\"2000\" \/>\n\t<meta property=\"og:image:height\" content=\"1280\" \/>\n\t<meta property=\"og:image:type\" content=\"image\/jpeg\" \/>\n<meta name=\"twitter:card\" content=\"summary_large_image\" \/>\n<script type=\"application\/ld+json\" class=\"yoast-schema-graph\">{\"@context\":\"https:\\\/\\\/schema.org\",\"@graph\":[{\"@type\":\"WebPage\",\"@id\":\"https:\\\/\\\/www.globalwine.ch\\\/cms\\\/versandkonditionen\\\/\",\"url\":\"https:\\\/\\\/www.globalwine.ch\\\/cms\\\/versandkonditionen\\\/\",\"name\":\"Versandkonditionen - Globalwine\",\"isPartOf\":{\"@id\":\"https:\\\/\\\/www.globalwine.ch\\\/cms\\\/#website\"},\"primaryImageOfPage\":{\"@id\":\"https:\\\/\\\/www.globalwine.ch\\\/cms\\\/versandkonditionen\\\/#primaryimage\"},\"image\":{\"@id\":\"https:\\\/\\\/www.globalwine.ch\\\/cms\\\/versandkonditionen\\\/#primaryimage\"},\"thumbnailUrl\":\"https:\\\/\\\/www.globalwine.ch\\\/cms\\\/wp-content\\\/uploads\\\/2021\\\/06\\\/empfehlung-vegane-weine-02.jpg\",\"datePublished\":\"2021-06-15T14:03:26+00:00\",\"dateModified\":\"2024-05-27T13:04:30+00:00\",\"description\":\"Versandkonditionen - \u00dcber 800 auserlesene Weine und Spirituosen aus aller Welt direkt ab Weingut online bestellen.\",\"breadcrumb\":{\"@id\":\"https:\\\/\\\/www.globalwine.ch\\\/cms\\\/versandkonditionen\\\/#breadcrumb\"},\"inLanguage\":\"de-CH\",\"potentialAction\":[{\"@type\":\"ReadAction\",\"target\":[\"https:\\\/\\\/www.globalwine.ch\\\/cms\\\/versandkonditionen\\\/\"]}]},{\"@type\":\"ImageObject\",\"inLanguage\":\"de-CH\",\"@id\":\"https:\\\/\\\/www.globalwine.ch\\\/cms\\\/versandkonditionen\\\/#primaryimage\",\"url\":\"https:\\\/\\\/www.globalwine.ch\\\/cms\\\/wp-content\\\/uploads\\\/2021\\\/06\\\/empfehlung-vegane-weine-02.jpg\",\"contentUrl\":\"https:\\\/\\\/www.globalwine.ch\\\/cms\\\/wp-content\\\/uploads\\\/2021\\\/06\\\/empfehlung-vegane-weine-02.jpg\",\"width\":2000,\"height\":1280,\"caption\":\"Vegane Weine, Veganer Weingenuss\"},{\"@type\":\"BreadcrumbList\",\"@id\":\"https:\\\/\\\/www.globalwine.ch\\\/cms\\\/versandkonditionen\\\/#breadcrumb\",\"itemListElement\":[{\"@type\":\"ListItem\",\"position\":1,\"name\":\"Breadcrumb\",\"item\":\"https:\\\/\\\/www.globalwine.ch\\\/cms\\\/\"},{\"@type\":\"ListItem\",\"position\":2,\"name\":\"Versandkonditionen\"}]},{\"@type\":\"WebSite\",\"@id\":\"https:\\\/\\\/www.globalwine.ch\\\/cms\\\/#website\",\"url\":\"https:\\\/\\\/www.globalwine.ch\\\/cms\\\/\",\"name\":\"Globalwine\",\"description\":\"\",\"publisher\":{\"@id\":\"https:\\\/\\\/www.globalwine.ch\\\/cms\\\/#organization\"},\"potentialAction\":[{\"@type\":\"SearchAction\",\"target\":{\"@type\":\"EntryPoint\",\"urlTemplate\":\"https:\\\/\\\/www.globalwine.ch\\\/cms\\\/?s={search_term_string}\"},\"query-input\":{\"@type\":\"PropertyValueSpecification\",\"valueRequired\":true,\"valueName\":\"search_term_string\"}}],\"inLanguage\":\"de-CH\"},{\"@type\":\"Organization\",\"@id\":\"https:\\\/\\\/www.globalwine.ch\\\/cms\\\/#organization\",\"name\":\"Globalwine AG\",\"url\":\"https:\\\/\\\/www.globalwine.ch\\\/cms\\\/\",\"logo\":{\"@type\":\"ImageObject\",\"inLanguage\":\"de-CH\",\"@id\":\"https:\\\/\\\/www.globalwine.ch\\\/cms\\\/#\\\/schema\\\/logo\\\/image\\\/\",\"url\":\"https:\\\/\\\/www.globalwine.ch\\\/cms\\\/wp-content\\\/uploads\\\/2021\\\/04\\\/globalwine-logo.png\",\"contentUrl\":\"https:\\\/\\\/www.globalwine.ch\\\/cms\\\/wp-content\\\/uploads\\\/2021\\\/04\\\/globalwine-logo.png\",\"width\":931,\"height\":144,\"caption\":\"Globalwine AG\"},\"image\":{\"@id\":\"https:\\\/\\\/www.globalwine.ch\\\/cms\\\/#\\\/schema\\\/logo\\\/image\\\/\"},\"sameAs\":[\"https:\\\/\\\/www.facebook.com\\\/GlobalwineAG\",\"https:\\\/\\\/www.instagram.com\\\/globalwine_ch\",\"https:\\\/\\\/www.linkedin.com\\\/company\\\/5823327\",\"https:\\\/\\\/www.youtube.com\\\/channel\\\/UCaXmwERn0IR5rrbwRvaFesg\"]}]}<\/script>\n<!-- \/ Yoast SEO plugin. -->","yoast_head_json":{"title":"Versandkonditionen - Globalwine","description":"Versandkonditionen - \u00dcber 800 auserlesene Weine und Spirituosen aus aller Welt direkt ab Weingut online bestellen.","robots":{"index":"index","follow":"follow","max-snippet":"max-snippet:-1","max-image-preview":"max-image-preview:large","max-video-preview":"max-video-preview:-1"},"canonical":"https:\/\/www.globalwine.ch\/cms\/versandkonditionen\/","og_locale":"de_DE","og_type":"article","og_title":"Versandkonditionen - Globalwine","og_description":"Versandkonditionen - \u00dcber 800 auserlesene Weine und Spirituosen aus aller Welt direkt ab Weingut online bestellen.","og_url":"https:\/\/www.globalwine.ch\/cms\/versandkonditionen\/","og_site_name":"Globalwine","article_publisher":"https:\/\/www.facebook.com\/GlobalwineAG","article_modified_time":"2024-05-27T13:04:30+00:00","og_image":[{"width":2000,"height":1280,"url":"https:\/\/www.globalwine.ch\/cms\/wp-content\/uploads\/2021\/06\/empfehlung-vegane-weine-02.jpg","type":"image\/jpeg"}],"twitter_card":"summary_large_image","schema":{"@context":"https:\/\/schema.org","@graph":[{"@type":"WebPage","@id":"https:\/\/www.globalwine.ch\/cms\/versandkonditionen\/","url":"https:\/\/www.globalwine.ch\/cms\/versandkonditionen\/","name":"Versandkonditionen - Globalwine","isPartOf":{"@id":"https:\/\/www.globalwine.ch\/cms\/#website"},"primaryImageOfPage":{"@id":"https:\/\/www.globalwine.ch\/cms\/versandkonditionen\/#primaryimage"},"image":{"@id":"https:\/\/www.globalwine.ch\/cms\/versandkonditionen\/#primaryimage"},"thumbnailUrl":"https:\/\/www.globalwine.ch\/cms\/wp-content\/uploads\/2021\/06\/empfehlung-vegane-weine-02.jpg","datePublished":"2021-06-15T14:03:26+00:00","dateModified":"2024-05-27T13:04:30+00:00","description":"Versandkonditionen - \u00dcber 800 auserlesene Weine und Spirituosen aus aller Welt direkt ab Weingut online bestellen.","breadcrumb":{"@id":"https:\/\/www.globalwine.ch\/cms\/versandkonditionen\/#breadcrumb"},"inLanguage":"de-CH","potentialAction":[{"@type":"ReadAction","target":["https:\/\/www.globalwine.ch\/cms\/versandkonditionen\/"]}]},{"@type":"ImageObject","inLanguage":"de-CH","@id":"https:\/\/www.globalwine.ch\/cms\/versandkonditionen\/#primaryimage","url":"https:\/\/www.globalwine.ch\/cms\/wp-content\/uploads\/2021\/06\/empfehlung-vegane-weine-02.jpg","contentUrl":"https:\/\/www.globalwine.ch\/cms\/wp-content\/uploads\/2021\/06\/empfehlung-vegane-weine-02.jpg","width":2000,"height":1280,"caption":"Vegane Weine, Veganer Weingenuss"},{"@type":"BreadcrumbList","@id":"https:\/\/www.globalwine.ch\/cms\/versandkonditionen\/#breadcrumb","itemListElement":[{"@type":"ListItem","position":1,"name":"Breadcrumb","item":"https:\/\/www.globalwine.ch\/cms\/"},{"@type":"ListItem","position":2,"name":"Versandkonditionen"}]},{"@type":"WebSite","@id":"https:\/\/www.globalwine.ch\/cms\/#website","url":"https:\/\/www.globalwine.ch\/cms\/","name":"Globalwine","description":"","publisher":{"@id":"https:\/\/www.globalwine.ch\/cms\/#organization"},"potentialAction":[{"@type":"SearchAction","target":{"@type":"EntryPoint","urlTemplate":"https:\/\/www.globalwine.ch\/cms\/?s={search_term_string}"},"query-input":{"@type":"PropertyValueSpecification","valueRequired":true,"valueName":"search_term_string"}}],"inLanguage":"de-CH"},{"@type":"Organization","@id":"https:\/\/www.globalwine.ch\/cms\/#organization","name":"Globalwine AG","url":"https:\/\/www.globalwine.ch\/cms\/","logo":{"@type":"ImageObject","inLanguage":"de-CH","@id":"https:\/\/www.globalwine.ch\/cms\/#\/schema\/logo\/image\/","url":"https:\/\/www.globalwine.ch\/cms\/wp-content\/uploads\/2021\/04\/globalwine-logo.png","contentUrl":"https:\/\/www.globalwine.ch\/cms\/wp-content\/uploads\/2021\/04\/globalwine-logo.png","width":931,"height":144,"caption":"Globalwine AG"},"image":{"@id":"https:\/\/www.globalwine.ch\/cms\/#\/schema\/logo\/image\/"},"sameAs":["https:\/\/www.facebook.com\/GlobalwineAG","https:\/\/www.instagram.com\/globalwine_ch","https:\/\/www.linkedin.com\/company\/5823327","https:\/\/www.youtube.com\/channel\/UCaXmwERn0IR5rrbwRvaFesg"]}]}},"_links":{"self":[{"href":"https:\/\/www.globalwine.ch\/cms\/wp-json\/wp\/v2\/pages\/496","targetHints":{"allow":["GET"]}}],"collection":[{"href":"https:\/\/www.globalwine.ch\/cms\/wp-json\/wp\/v2\/pages"}],"about":[{"href":"https:\/\/www.globalwine.ch\/cms\/wp-json\/wp\/v2\/types\/page"}],"author":[{"embeddable":true,"href":"https:\/\/www.globalwine.ch\/cms\/wp-json\/wp\/v2\/users\/1"}],"replies":[{"embeddable":true,"href":"https:\/\/www.globalwine.ch\/cms\/wp-json\/wp\/v2\/comments?post=496"}],"version-history":[{"count":15,"href":"https:\/\/www.globalwine.ch\/cms\/wp-json\/wp\/v2\/pages\/496\/revisions"}],"predecessor-version":[{"id":1528,"href":"https:\/\/www.globalwine.ch\/cms\/wp-json\/wp\/v2\/pages\/496\/revisions\/1528"}],"wp:featuredmedia":[{"embeddable":true,"href":"https:\/\/www.globalwine.ch\/cms\/wp-json\/wp\/v2\/media\/718"}],"wp:attachment":[{"href":"https:\/\/www.globalwine.ch\/cms\/wp-json\/wp\/v2\/media?parent=496"}],"curies":[{"name":"wp","href":"https:\/\/api.w.org\/{rel}","templated":true}]}}