{"id":501,"date":"2021-06-15T16:04:28","date_gmt":"2021-06-15T14:04:28","guid":{"rendered":"https:\/\/www.globalwine.ch\/cms\/?page_id=501"},"modified":"2023-02-07T14:30:52","modified_gmt":"2023-02-07T13:30:52","slug":"ueberweisen","status":"publish","type":"page","link":"https:\/\/www.globalwine.ch\/cms\/ueberweisen\/","title":{"rendered":"\u00dcberweisen"},"content":{"rendered":"","protected":false},"excerpt":{"rendered":"","protected":false},"author":1,"featured_media":695,"parent":0,"menu_order":11,"comment_status":"closed","ping_status":"closed","template":"","meta":{"_acf_changed":false,"footnotes":""},"class_list":["post-501","page","type-page","status-publish","has-post-thumbnail","hentry"],"acf":{"hide_pagetitle":true,"header_block":{"header_block_title":"","header_block_title_size":"default","header_block_subtitle":"","header_block_button":"","header_block_background_image":false},"inhaltselemente":[{"acf_fc_layout":"einspalter_text","einspalter_text_titel":"\u00dcberweisen","einspalter_text_titel_typ":"1","einspalter_text_titel_fake":false,"einspalter_text_content":"<p>F\u00fcr eine Bank\u00fcberweisung verwenden Sie bitte folgendes Konto:<\/p>\n<p>Globalwine AG<br \/>\nR\u00e4ffelstrasse 25<br \/>\n8045 Z\u00fcrich<\/p>\n<p>Name of Bank: ZKB<br \/>\nAdress of Bank: Bahnhofstrasse 9<br \/>\nPostcode \/ City: 8001 Z\u00fcrich<br \/>\nCountry: Switzerland<\/p>\n<p>Currency: CHF Swiss Francs<br \/>\nIBAN: CH66 0070 0114 8069 8991 4<br \/>\nBIC: ZKBKCHZZ80A<\/p>\n"}]},"yoast_head":"<!-- This site is optimized with the Yoast SEO plugin v27.3 - https:\/\/yoast.com\/product\/yoast-seo-wordpress\/ -->\n<title>\u00dcberweisen - Globalwine<\/title>\n<meta name=\"description\" content=\"\u00dcberweisen - \u00dcber 800 auserlesene Weine und Spirituosen aus aller Welt direkt ab Weingut online bestellen.\" \/>\n<meta name=\"robots\" content=\"index, follow, max-snippet:-1, max-image-preview:large, max-video-preview:-1\" \/>\n<link rel=\"canonical\" href=\"https:\/\/www.globalwine.ch\/cms\/ueberweisen\/\" \/>\n<meta property=\"og:locale\" content=\"de_DE\" \/>\n<meta property=\"og:type\" content=\"article\" \/>\n<meta property=\"og:title\" content=\"\u00dcberweisen - Globalwine\" \/>\n<meta property=\"og:description\" content=\"\u00dcberweisen - \u00dcber 800 auserlesene Weine und Spirituosen aus aller Welt direkt ab Weingut online bestellen.\" \/>\n<meta property=\"og:url\" content=\"https:\/\/www.globalwine.ch\/cms\/ueberweisen\/\" \/>\n<meta property=\"og:site_name\" content=\"Globalwine\" \/>\n<meta property=\"article:publisher\" content=\"https:\/\/www.facebook.com\/GlobalwineAG\" \/>\n<meta property=\"article:modified_time\" content=\"2023-02-07T13:30:52+00:00\" \/>\n<meta property=\"og:image\" content=\"https:\/\/www.globalwine.ch\/cms\/wp-content\/uploads\/2021\/06\/empfehlung-bio-weine-03.jpg\" \/>\n\t<meta property=\"og:image:width\" content=\"2000\" \/>\n\t<meta property=\"og:image:height\" content=\"1280\" \/>\n\t<meta property=\"og:image:type\" content=\"image\/jpeg\" \/>\n<meta name=\"twitter:card\" content=\"summary_large_image\" \/>\n<script type=\"application\/ld+json\" class=\"yoast-schema-graph\">{\"@context\":\"https:\\\/\\\/schema.org\",\"@graph\":[{\"@type\":\"WebPage\",\"@id\":\"https:\\\/\\\/www.globalwine.ch\\\/cms\\\/ueberweisen\\\/\",\"url\":\"https:\\\/\\\/www.globalwine.ch\\\/cms\\\/ueberweisen\\\/\",\"name\":\"\u00dcberweisen - Globalwine\",\"isPartOf\":{\"@id\":\"https:\\\/\\\/www.globalwine.ch\\\/cms\\\/#website\"},\"primaryImageOfPage\":{\"@id\":\"https:\\\/\\\/www.globalwine.ch\\\/cms\\\/ueberweisen\\\/#primaryimage\"},\"image\":{\"@id\":\"https:\\\/\\\/www.globalwine.ch\\\/cms\\\/ueberweisen\\\/#primaryimage\"},\"thumbnailUrl\":\"https:\\\/\\\/www.globalwine.ch\\\/cms\\\/wp-content\\\/uploads\\\/2021\\\/06\\\/empfehlung-bio-weine-03.jpg\",\"datePublished\":\"2021-06-15T14:04:28+00:00\",\"dateModified\":\"2023-02-07T13:30:52+00:00\",\"description\":\"\u00dcberweisen - \u00dcber 800 auserlesene Weine und Spirituosen aus aller Welt direkt ab Weingut online bestellen.\",\"breadcrumb\":{\"@id\":\"https:\\\/\\\/www.globalwine.ch\\\/cms\\\/ueberweisen\\\/#breadcrumb\"},\"inLanguage\":\"de-CH\",\"potentialAction\":[{\"@type\":\"ReadAction\",\"target\":[\"https:\\\/\\\/www.globalwine.ch\\\/cms\\\/ueberweisen\\\/\"]}]},{\"@type\":\"ImageObject\",\"inLanguage\":\"de-CH\",\"@id\":\"https:\\\/\\\/www.globalwine.ch\\\/cms\\\/ueberweisen\\\/#primaryimage\",\"url\":\"https:\\\/\\\/www.globalwine.ch\\\/cms\\\/wp-content\\\/uploads\\\/2021\\\/06\\\/empfehlung-bio-weine-03.jpg\",\"contentUrl\":\"https:\\\/\\\/www.globalwine.ch\\\/cms\\\/wp-content\\\/uploads\\\/2021\\\/06\\\/empfehlung-bio-weine-03.jpg\",\"width\":2000,\"height\":1280,\"caption\":\"Bodenqualit\u00e4t und die Biodiversit\u00e4t\"},{\"@type\":\"BreadcrumbList\",\"@id\":\"https:\\\/\\\/www.globalwine.ch\\\/cms\\\/ueberweisen\\\/#breadcrumb\",\"itemListElement\":[{\"@type\":\"ListItem\",\"position\":1,\"name\":\"Breadcrumb\",\"item\":\"https:\\\/\\\/www.globalwine.ch\\\/cms\\\/\"},{\"@type\":\"ListItem\",\"position\":2,\"name\":\"\u00dcberweisen\"}]},{\"@type\":\"WebSite\",\"@id\":\"https:\\\/\\\/www.globalwine.ch\\\/cms\\\/#website\",\"url\":\"https:\\\/\\\/www.globalwine.ch\\\/cms\\\/\",\"name\":\"Globalwine\",\"description\":\"\",\"publisher\":{\"@id\":\"https:\\\/\\\/www.globalwine.ch\\\/cms\\\/#organization\"},\"potentialAction\":[{\"@type\":\"SearchAction\",\"target\":{\"@type\":\"EntryPoint\",\"urlTemplate\":\"https:\\\/\\\/www.globalwine.ch\\\/cms\\\/?s={search_term_string}\"},\"query-input\":{\"@type\":\"PropertyValueSpecification\",\"valueRequired\":true,\"valueName\":\"search_term_string\"}}],\"inLanguage\":\"de-CH\"},{\"@type\":\"Organization\",\"@id\":\"https:\\\/\\\/www.globalwine.ch\\\/cms\\\/#organization\",\"name\":\"Globalwine AG\",\"url\":\"https:\\\/\\\/www.globalwine.ch\\\/cms\\\/\",\"logo\":{\"@type\":\"ImageObject\",\"inLanguage\":\"de-CH\",\"@id\":\"https:\\\/\\\/www.globalwine.ch\\\/cms\\\/#\\\/schema\\\/logo\\\/image\\\/\",\"url\":\"https:\\\/\\\/www.globalwine.ch\\\/cms\\\/wp-content\\\/uploads\\\/2021\\\/04\\\/globalwine-logo.png\",\"contentUrl\":\"https:\\\/\\\/www.globalwine.ch\\\/cms\\\/wp-content\\\/uploads\\\/2021\\\/04\\\/globalwine-logo.png\",\"width\":931,\"height\":144,\"caption\":\"Globalwine AG\"},\"image\":{\"@id\":\"https:\\\/\\\/www.globalwine.ch\\\/cms\\\/#\\\/schema\\\/logo\\\/image\\\/\"},\"sameAs\":[\"https:\\\/\\\/www.facebook.com\\\/GlobalwineAG\",\"https:\\\/\\\/www.instagram.com\\\/globalwine_ch\",\"https:\\\/\\\/www.linkedin.com\\\/company\\\/5823327\",\"https:\\\/\\\/www.youtube.com\\\/channel\\\/UCaXmwERn0IR5rrbwRvaFesg\"]}]}<\/script>\n<!-- \/ Yoast SEO plugin. -->","yoast_head_json":{"title":"\u00dcberweisen - Globalwine","description":"\u00dcberweisen - \u00dcber 800 auserlesene Weine und Spirituosen aus aller Welt direkt ab Weingut online bestellen.","robots":{"index":"index","follow":"follow","max-snippet":"max-snippet:-1","max-image-preview":"max-image-preview:large","max-video-preview":"max-video-preview:-1"},"canonical":"https:\/\/www.globalwine.ch\/cms\/ueberweisen\/","og_locale":"de_DE","og_type":"article","og_title":"\u00dcberweisen - Globalwine","og_description":"\u00dcberweisen - \u00dcber 800 auserlesene Weine und Spirituosen aus aller Welt direkt ab Weingut online bestellen.","og_url":"https:\/\/www.globalwine.ch\/cms\/ueberweisen\/","og_site_name":"Globalwine","article_publisher":"https:\/\/www.facebook.com\/GlobalwineAG","article_modified_time":"2023-02-07T13:30:52+00:00","og_image":[{"width":2000,"height":1280,"url":"https:\/\/www.globalwine.ch\/cms\/wp-content\/uploads\/2021\/06\/empfehlung-bio-weine-03.jpg","type":"image\/jpeg"}],"twitter_card":"summary_large_image","schema":{"@context":"https:\/\/schema.org","@graph":[{"@type":"WebPage","@id":"https:\/\/www.globalwine.ch\/cms\/ueberweisen\/","url":"https:\/\/www.globalwine.ch\/cms\/ueberweisen\/","name":"\u00dcberweisen - Globalwine","isPartOf":{"@id":"https:\/\/www.globalwine.ch\/cms\/#website"},"primaryImageOfPage":{"@id":"https:\/\/www.globalwine.ch\/cms\/ueberweisen\/#primaryimage"},"image":{"@id":"https:\/\/www.globalwine.ch\/cms\/ueberweisen\/#primaryimage"},"thumbnailUrl":"https:\/\/www.globalwine.ch\/cms\/wp-content\/uploads\/2021\/06\/empfehlung-bio-weine-03.jpg","datePublished":"2021-06-15T14:04:28+00:00","dateModified":"2023-02-07T13:30:52+00:00","description":"\u00dcberweisen - \u00dcber 800 auserlesene Weine und Spirituosen aus aller Welt direkt ab Weingut online bestellen.","breadcrumb":{"@id":"https:\/\/www.globalwine.ch\/cms\/ueberweisen\/#breadcrumb"},"inLanguage":"de-CH","potentialAction":[{"@type":"ReadAction","target":["https:\/\/www.globalwine.ch\/cms\/ueberweisen\/"]}]},{"@type":"ImageObject","inLanguage":"de-CH","@id":"https:\/\/www.globalwine.ch\/cms\/ueberweisen\/#primaryimage","url":"https:\/\/www.globalwine.ch\/cms\/wp-content\/uploads\/2021\/06\/empfehlung-bio-weine-03.jpg","contentUrl":"https:\/\/www.globalwine.ch\/cms\/wp-content\/uploads\/2021\/06\/empfehlung-bio-weine-03.jpg","width":2000,"height":1280,"caption":"Bodenqualit\u00e4t und die Biodiversit\u00e4t"},{"@type":"BreadcrumbList","@id":"https:\/\/www.globalwine.ch\/cms\/ueberweisen\/#breadcrumb","itemListElement":[{"@type":"ListItem","position":1,"name":"Breadcrumb","item":"https:\/\/www.globalwine.ch\/cms\/"},{"@type":"ListItem","position":2,"name":"\u00dcberweisen"}]},{"@type":"WebSite","@id":"https:\/\/www.globalwine.ch\/cms\/#website","url":"https:\/\/www.globalwine.ch\/cms\/","name":"Globalwine","description":"","publisher":{"@id":"https:\/\/www.globalwine.ch\/cms\/#organization"},"potentialAction":[{"@type":"SearchAction","target":{"@type":"EntryPoint","urlTemplate":"https:\/\/www.globalwine.ch\/cms\/?s={search_term_string}"},"query-input":{"@type":"PropertyValueSpecification","valueRequired":true,"valueName":"search_term_string"}}],"inLanguage":"de-CH"},{"@type":"Organization","@id":"https:\/\/www.globalwine.ch\/cms\/#organization","name":"Globalwine AG","url":"https:\/\/www.globalwine.ch\/cms\/","logo":{"@type":"ImageObject","inLanguage":"de-CH","@id":"https:\/\/www.globalwine.ch\/cms\/#\/schema\/logo\/image\/","url":"https:\/\/www.globalwine.ch\/cms\/wp-content\/uploads\/2021\/04\/globalwine-logo.png","contentUrl":"https:\/\/www.globalwine.ch\/cms\/wp-content\/uploads\/2021\/04\/globalwine-logo.png","width":931,"height":144,"caption":"Globalwine AG"},"image":{"@id":"https:\/\/www.globalwine.ch\/cms\/#\/schema\/logo\/image\/"},"sameAs":["https:\/\/www.facebook.com\/GlobalwineAG","https:\/\/www.instagram.com\/globalwine_ch","https:\/\/www.linkedin.com\/company\/5823327","https:\/\/www.youtube.com\/channel\/UCaXmwERn0IR5rrbwRvaFesg"]}]}},"_links":{"self":[{"href":"https:\/\/www.globalwine.ch\/cms\/wp-json\/wp\/v2\/pages\/501","targetHints":{"allow":["GET"]}}],"collection":[{"href":"https:\/\/www.globalwine.ch\/cms\/wp-json\/wp\/v2\/pages"}],"about":[{"href":"https:\/\/www.globalwine.ch\/cms\/wp-json\/wp\/v2\/types\/page"}],"author":[{"embeddable":true,"href":"https:\/\/www.globalwine.ch\/cms\/wp-json\/wp\/v2\/users\/1"}],"replies":[{"embeddable":true,"href":"https:\/\/www.globalwine.ch\/cms\/wp-json\/wp\/v2\/comments?post=501"}],"version-history":[{"count":10,"href":"https:\/\/www.globalwine.ch\/cms\/wp-json\/wp\/v2\/pages\/501\/revisions"}],"predecessor-version":[{"id":2164,"href":"https:\/\/www.globalwine.ch\/cms\/wp-json\/wp\/v2\/pages\/501\/revisions\/2164"}],"wp:featuredmedia":[{"embeddable":true,"href":"https:\/\/www.globalwine.ch\/cms\/wp-json\/wp\/v2\/media\/695"}],"wp:attachment":[{"href":"https:\/\/www.globalwine.ch\/cms\/wp-json\/wp\/v2\/media?parent=501"}],"curies":[{"name":"wp","href":"https:\/\/api.w.org\/{rel}","templated":true}]}}